{"id":10472,"date":"2020-02-20T15:41:59","date_gmt":"2020-02-20T14:41:59","guid":{"rendered":"https:\/\/www.soralia.be\/?page_id=10472"},"modified":"2023-06-22T16:00:38","modified_gmt":"2023-06-22T14:00:38","slug":"archives","status":"publish","type":"page","link":"https:\/\/www.soralia.be\/accueil\/archives\/","title":{"rendered":"Archives"},"content":{"rendered":"<p><div class=\"fusion-fullwidth fullwidth-box fusion-builder-row-1 fusion-flex-container nonhundred-percent-fullwidth non-hundred-percent-height-scrolling\" style=\"--awb-border-radius-top-left:0px;--awb-border-radius-top-right:0px;--awb-border-radius-bottom-right:0px;--awb-border-radius-bottom-left:0px;--awb-flex-wrap:wrap;\" ><div class=\"fusion-builder-row fusion-row fusion-flex-align-items-flex-start fusion-flex-content-wrap\" style=\"max-width:1248px;margin-left: calc(-4% \/ 2 );margin-right: calc(-4% \/ 2 );\"><div class=\"fusion-layout-column fusion_builder_column fusion-builder-column-0 fusion_builder_column_1_1 1_1 fusion-flex-column\" style=\"--awb-bg-size:cover;--awb-width-large:100%;--awb-margin-top-large:0px;--awb-spacing-right-large:1.92%;--awb-margin-bottom-large:20px;--awb-spacing-left-large:1.92%;--awb-width-medium:100%;--awb-spacing-right-medium:1.92%;--awb-spacing-left-medium:1.92%;--awb-width-small:100%;--awb-spacing-right-small:1.92%;--awb-spacing-left-small:1.92%;\"><div class=\"fusion-column-wrapper fusion-flex-justify-content-flex-start fusion-content-layout-column\"><div class=\"fusion-text fusion-text-1\"><p>Vous pouvez consulter nos archives ci-dessous<\/p>\n<\/div><\/div><\/div><\/div><\/div><div class=\"fusion-fullwidth fullwidth-box fusion-builder-row-2 fusion-flex-container nonhundred-percent-fullwidth non-hundred-percent-height-scrolling\" style=\"--awb-border-radius-top-left:0px;--awb-border-radius-top-right:0px;--awb-border-radius-bottom-right:0px;--awb-border-radius-bottom-left:0px;--awb-flex-wrap:wrap;\" ><div class=\"fusion-builder-row fusion-row fusion-flex-align-items-flex-start fusion-flex-content-wrap\" style=\"max-width:1248px;margin-left: calc(-4% \/ 2 );margin-right: calc(-4% \/ 2 );\"><div class=\"fusion-layout-column fusion_builder_column fusion-builder-column-1 fusion_builder_column_1_1 1_1 fusion-flex-column\" style=\"--awb-bg-size:cover;--awb-width-large:100%;--awb-margin-top-large:0px;--awb-spacing-right-large:1.92%;--awb-margin-bottom-large:20px;--awb-spacing-left-large:1.92%;--awb-width-medium:100%;--awb-spacing-right-medium:1.92%;--awb-spacing-left-medium:1.92%;--awb-width-small:100%;--awb-spacing-right-small:1.92%;--awb-spacing-left-small:1.92%;\"><div class=\"fusion-column-wrapper fusion-flex-justify-content-flex-start fusion-content-layout-column\"><div class=\"fusion-text fusion-text-2\">\n<!-- Page-list plugin v.5.9 wordpress.org\/plugins\/page-list\/ -->\n<ul class=\"page-list \">\n<li class=\"page_item page-item-15770\"><a href=\"https:\/\/www.soralia.be\/accueil\/archives\/campagne-2024-chez-nous-aussi-ca-pourrait-arriver\/\">Campagne 2024 &#8211; Chez nous aussi, \u00e7a pourrait arriver<\/a><\/li>\n<li class=\"page_item page-item-17407\"><a href=\"https:\/\/www.soralia.be\/accueil\/archives\/legalite-cest-pas-gagne-campagne-2023\/\">L&rsquo;\u00e9galit\u00e9, c&rsquo;est pas gagn\u00e9 ! &#8211; Campagne 2023<\/a><\/li>\n<li class=\"page_item page-item-1644\"><a href=\"https:\/\/www.soralia.be\/accueil\/archives\/derniere-campagne-2-3\/\">Les femmes moins bien soign\u00e9es ? Quand la sant\u00e9 refl\u00e8te les in\u00e9galit\u00e9s &#8211; Campagne 2022<\/a><\/li>\n<li class=\"page_item page-item-13974\"><a href=\"https:\/\/www.soralia.be\/accueil\/archives\/justice-fiscale\/\">Pour plus de justice fiscale &#8211; Campagne 2021<\/a><\/li>\n<li class=\"page_item page-item-12999\"><a href=\"https:\/\/www.soralia.be\/accueil\/archives\/familles-au-pluriel-campagne-2020\/\">Familles au pluriel &#8211; Campagne 2020<\/a><\/li>\n<li class=\"page_item page-item-10868\"><a href=\"https:\/\/www.soralia.be\/accueil\/archives\/ne-detricotez-pas-mes-droits-campagne-2019\/\">Ne d\u00e9tricotez pas mes droits ! &#8211; Campagne 2019<\/a><\/li>\n<li class=\"page_item page-item-8187\"><a href=\"https:\/\/www.soralia.be\/accueil\/archives\/et-si-on-changeait-les-regles-campagne-2018\/\">Et si on changeait les r\u00e8gles ? &#8211; Campagne 2018<\/a><\/li>\n<li class=\"page_item page-item-4954\"><a href=\"https:\/\/www.soralia.be\/accueil\/archives\/un-logement-decent-pas-quen-facade-campagne-2017\/\">Un logement d\u00e9cent, pas qu\u2019en fa\u00e7ade ! &#8211; Campagne 2017<\/a><\/li>\n<li class=\"page_item page-item-3389\"><a href=\"https:\/\/www.soralia.be\/accueil\/archives\/campagne-2016-les-femmes-des-sportifs-comme-les-autres\/\">Les femmes, des sportifs comme les autres ? &#8211; Campagne 2016<\/a><\/li>\n<li class=\"page_item page-item-2202\"><a href=\"https:\/\/www.soralia.be\/accueil\/archives\/lemploi-un-choix-campagne-2015\/\">L&#8217;emploi, un choix &#8211; Campagne 2015<\/a><\/li>\n<li class=\"page_item page-item-2535\"><a href=\"https:\/\/www.soralia.be\/accueil\/archives\/voter-cest-decider-campagne-2014\/\">Voter, c&rsquo;est d\u00e9cider ! &#8211; Campagne 2014<\/a><\/li>\n<li class=\"page_item page-item-3119\"><a href=\"https:\/\/www.soralia.be\/accueil\/archives\/stress-angoisse-deprime-et-si-on-parlait-campagne-2013\/\">Stress, angoisse, d\u00e9prime : et si on parlait ? &#8211; Campagne 2013<\/a><\/li>\n<li class=\"page_item page-item-3126\"><a href=\"https:\/\/www.soralia.be\/accueil\/archives\/une-place-daccueil-pour-chaque-enfant-cest-un-droit-campagne-2012\/\">Une place d&rsquo;accueil pour chaque enfant, c&rsquo;est un droit ! &#8211; Campagne 2012<\/a><\/li>\n<li class=\"page_item page-item-3142\"><a href=\"https:\/\/www.soralia.be\/accueil\/archives\/votez-sans-prejuges-campagne-2012\/\">Votez sans pr\u00e9jug\u00e9s ! &#8211; Campagne 2012<\/a><\/li>\n\n<\/ul>\n<\/div><\/div><\/div><\/div><\/div><\/p>\n","protected":false},"excerpt":{"rendered":"","protected":false},"author":1,"featured_media":0,"parent":0,"menu_order":0,"comment_status":"closed","ping_status":"closed","template":"","meta":{"footnotes":""},"class_list":["post-10472","page","type-page","status-publish","hentry"],"_links":{"self":[{"href":"https:\/\/www.soralia.be\/accueil\/wp-json\/wp\/v2\/pages\/10472","targetHints":{"allow":["GET"]}}],"collection":[{"href":"https:\/\/www.soralia.be\/accueil\/wp-json\/wp\/v2\/pages"}],"about":[{"href":"https:\/\/www.soralia.be\/accueil\/wp-json\/wp\/v2\/types\/page"}],"author":[{"embeddable":true,"href":"https:\/\/www.soralia.be\/accueil\/wp-json\/wp\/v2\/users\/1"}],"replies":[{"embeddable":true,"href":"https:\/\/www.soralia.be\/accueil\/wp-json\/wp\/v2\/comments?post=10472"}],"version-history":[{"count":13,"href":"https:\/\/www.soralia.be\/accueil\/wp-json\/wp\/v2\/pages\/10472\/revisions"}],"predecessor-version":[{"id":15992,"href":"https:\/\/www.soralia.be\/accueil\/wp-json\/wp\/v2\/pages\/10472\/revisions\/15992"}],"wp:attachment":[{"href":"https:\/\/www.soralia.be\/accueil\/wp-json\/wp\/v2\/media?parent=10472"}],"curies":[{"name":"wp","href":"https:\/\/api.w.org\/{rel}","templated":true}]}}