{"id":10868,"date":"2020-07-01T10:10:20","date_gmt":"2020-07-01T08:10:20","guid":{"rendered":"https:\/\/www.soralia.be\/?page_id=10868"},"modified":"2023-06-22T16:02:33","modified_gmt":"2023-06-22T14:02:33","slug":"ne-detricotez-pas-mes-droits-campagne-2019","status":"publish","type":"page","link":"https:\/\/www.soralia.be\/accueil\/archives\/ne-detricotez-pas-mes-droits-campagne-2019\/","title":{"rendered":"Ne d\u00e9tricotez pas mes droits ! &#8211; Campagne 2019"},"content":{"rendered":"<div class=\"fusion-fullwidth fullwidth-box fusion-builder-row-1 fusion-flex-container nonhundred-percent-fullwidth non-hundred-percent-height-scrolling\" style=\"--awb-border-radius-top-left:0px;--awb-border-radius-top-right:0px;--awb-border-radius-bottom-right:0px;--awb-border-radius-bottom-left:0px;--awb-flex-wrap:wrap;\" ><div class=\"fusion-builder-row fusion-row fusion-flex-align-items-flex-start fusion-flex-content-wrap\" style=\"max-width:1248px;margin-left: calc(-4% \/ 2 );margin-right: calc(-4% \/ 2 );\"><div class=\"fusion-layout-column fusion_builder_column fusion-builder-column-0 fusion_builder_column_1_1 1_1 fusion-flex-column\" style=\"--awb-bg-size:cover;--awb-width-large:100%;--awb-margin-top-large:0px;--awb-spacing-right-large:1.92%;--awb-margin-bottom-large:0px;--awb-spacing-left-large:1.92%;--awb-width-medium:100%;--awb-spacing-right-medium:1.92%;--awb-spacing-left-medium:1.92%;--awb-width-small:100%;--awb-spacing-right-small:1.92%;--awb-spacing-left-small:1.92%;\"><div class=\"fusion-column-wrapper fusion-flex-justify-content-flex-start fusion-content-layout-column\"><div class=\"fusion-text fusion-text-1\"><p><img decoding=\"async\" class=\"alignnone size-full wp-image-8205\" src=\"http:\/\/www.soralia.be\/wp-content\/uploads\/2019\/04\/image-campagne2019.jpg\" alt=\"\" width=\"800\" height=\"400\" srcset=\"https:\/\/www.soralia.be\/wp-content\/uploads\/2019\/04\/image-campagne2019-200x100.jpg 200w, https:\/\/www.soralia.be\/wp-content\/uploads\/2019\/04\/image-campagne2019-300x150.jpg 300w, https:\/\/www.soralia.be\/wp-content\/uploads\/2019\/04\/image-campagne2019-400x200.jpg 400w, https:\/\/www.soralia.be\/wp-content\/uploads\/2019\/04\/image-campagne2019-600x300.jpg 600w, https:\/\/www.soralia.be\/wp-content\/uploads\/2019\/04\/image-campagne2019-768x384.jpg 768w, https:\/\/www.soralia.be\/wp-content\/uploads\/2019\/04\/image-campagne2019.jpg 800w\" sizes=\"(max-width: 800px) 100vw, 800px\" \/><\/p>\n<h2><strong>Campagne d\u2019information et de sensibilisation sur les enjeux des \u00e9lections en mati\u00e8re de justice sociale<\/strong><\/h2>\n<p style=\"text-align: justify;\">En r\u00e9action aux diff\u00e9rentes politiques ultralib\u00e9rales qui ont boulevers\u00e9 tant la Belgique que l\u2019Europe ces derni\u00e8res ann\u00e9es, notre mouvement f\u00e9ministe, mutualiste et d\u2019\u00e9ducation permanente, a d\u00e9cid\u00e9 de consacrer la campagne 2019 aux enjeux des prochaines \u00e9lections.<\/p>\n<p style=\"text-align: justify;\"><strong>Les politiques men\u00e9es sous la l\u00e9gislature qui s\u2019ach\u00e8ve ont fragilis\u00e9 notre syst\u00e8me de S\u00e9curit\u00e9 Sociale<\/strong>, <strong>ciment essentiel de notre soci\u00e9t\u00e9 et l\u2019une des derni\u00e8res protections contre les injustices sociales. Les principales personnes touch\u00e9es par ces mesures d\u2019aust\u00e9rit\u00e9 sont les publics pr\u00e9caires parmi lesquels, une majorit\u00e9 de femmes. <\/strong><\/p>\n<p style=\"text-align: justify;\">Parce que l\u2019urgence aujourd\u2019hui, c\u2019est de veiller \u00e0 ce que les in\u00e9galit\u00e9s entre les citoyen-ne-s ne se creusent pas davantage : <strong>ne d\u00e9tricotez pas mes droits !<br \/>\n<\/strong>Parce que l\u2019urgence, c\u2019est que chacun-e puisse \u00eatre aid\u00e9-e en cas de coup dur de la vie : <strong>ne d\u00e9tricotez pas mes droits !<br \/>\n<\/strong>Parce que l\u2019urgence, c\u2019est de maintenir la solidarit\u00e9 : <strong>ne d\u00e9tricotez pas mes droits !<br \/>\n<\/strong>Parce qu\u2019ils ne sont jamais acquis :<strong> ne d\u00e9tricotez pas mes droits !<\/strong><\/p>\n<p style=\"text-align: justify;\">Pour cette campagne, nous avons choisi de mettre en lumi\u00e8re <strong>quatre th\u00e9matiques port\u00e9es par quatre femmes<\/strong> : <strong>la politique migratoire, les pensions, l\u2019assurance ch\u00f4mage et le s\u00e9jour en maternit\u00e9.<\/strong> En effet, nous revendiquons la prise en compte effective de la dimension de genre dans l\u2019ensemble des d\u00e9cisions prises par les pouvoirs publics, et ce quelle que soit la comp\u00e9tence politique qui est trait\u00e9e.<\/p>\n<p style=\"text-align: justify;\">Cette campagne nous rappelle \u00e9galement que le 26 mai sera l\u2019occasion d\u2019interpeller, de revendiquer par le biais de son vote. S\u2019int\u00e9resser \u00e0 la politique, c\u2019est exprimer son opinion, choisir les repr\u00e9sentant-e-s qui adopteront les lois et les mesures qui font notre quotidien. C\u2019est un moyen puissant d\u2019envoyer un message aux gouvernements et aux politicien-ne-s. <strong>Voter, c\u2019est d\u00e9cider !<\/strong><\/p>\n<div class=\"accordian fusion-accordian\">\n<div id=\"accordion-1644-1\" class=\"panel-group\">\n<div class=\"fusion-panel panel-default\">\n<div class=\"panel-heading\">\n<h4 class=\"panel-title toggle\"><\/h4>\n<\/div>\n<\/div>\n<\/div>\n<\/div>\n<\/div><div ><a class=\"fusion-button button-flat fusion-button-default-size button-default fusion-button-default button-1 fusion-button-default-span fusion-button-default-type\" target=\"_self\" href=\"http:\/\/www.soralia.be\/wp-content\/uploads\/2019\/04\/dossier-presse_campagne2019-1.pdf\"><span class=\"fusion-button-text awb-button__text awb-button__text--default\">DOSSIER DE PRESSE<\/span><\/a><\/div><div class=\"accordian fusion-accordian\" style=\"--awb-border-size:1px;--awb-icon-size:16px;--awb-content-font-size:var(--awb-typography4-font-size);--awb-icon-alignment:left;--awb-hover-color:var(--awb-color2);--awb-border-color:var(--awb-color3);--awb-background-color:var(--awb-color1);--awb-divider-color:var(--awb-color3);--awb-divider-hover-color:var(--awb-color3);--awb-icon-color:var(--awb-color1);--awb-title-color:var(--awb-color8);--awb-content-color:var(--awb-color8);--awb-icon-box-color:var(--awb-color8);--awb-toggle-hover-accent-color:var(--awb-color5);--awb-title-font-family:var(--awb-typography1-font-family);--awb-title-font-weight:var(--awb-typography1-font-weight);--awb-title-font-style:var(--awb-typography1-font-style);--awb-title-font-size:24px;--awb-content-font-family:var(--awb-typography4-font-family);--awb-content-font-weight:var(--awb-typography4-font-weight);--awb-content-font-style:var(--awb-typography4-font-style);\"><div class=\"panel-group fusion-toggle-icon-boxed\" id=\"accordion-10868-1\"><div class=\"fusion-panel panel-default panel-6fc7a9f7d67034aa6 fusion-toggle-has-divider\"><div class=\"panel-heading\"><h4 class=\"panel-title toggle\" id=\"toggle_6fc7a9f7d67034aa6\"><a aria-expanded=\"false\" aria-controls=\"6fc7a9f7d67034aa6\" role=\"button\" data-toggle=\"collapse\" data-parent=\"#accordion-10868-1\" data-target=\"#6fc7a9f7d67034aa6\" href=\"#6fc7a9f7d67034aa6\"><span class=\"fusion-toggle-icon-wrapper\" aria-hidden=\"true\"><i class=\"fa-fusion-box active-icon awb-icon-minus\" aria-hidden=\"true\"><\/i><i class=\"fa-fusion-box inactive-icon awb-icon-plus\" aria-hidden=\"true\"><\/i><\/span><span class=\"fusion-toggle-heading\">OUTILS DE CAMPAGNE<\/span><\/a><\/h4><\/div><div id=\"6fc7a9f7d67034aa6\" class=\"panel-collapse collapse \" aria-labelledby=\"toggle_6fc7a9f7d67034aa6\"><div class=\"panel-body toggle-content fusion-clearfix\">\n<p><img decoding=\"async\" class=\"alignnone wp-image-8197\" src=\"http:\/\/www.soralia.be\/wp-content\/uploads\/2019\/04\/campagne2019-AFFICHE_A2_BD1-2-1-724x1024.jpg\" alt=\"\" width=\"235\" height=\"332\" \/>\u00a0 \u00a0\u00a0<img decoding=\"async\" class=\"alignnone wp-image-8208\" src=\"https:\/\/www.soralia.be\/wp-content\/uploads\/2019\/04\/AFFICHE_A2_BD1-724x1024.jpg\" alt=\"\" width=\"233\" height=\"327\" \/><br \/>\n<a href=\"http:\/\/www.soralia.be\/wp-content\/uploads\/2019\/04\/campagne2019-AFFICHE_A2_BD1-1.pdf\">-AFFICHE_1 Format PDF<\/a>\u00a0 \u00a0 \u00a0 \u00a0 \u00a0 \u00a0 \u00a0 \u00a0 \u00a0 \u00a0\u2013<a href=\"http:\/\/www.soralia.be\/wp-content\/uploads\/2019\/04\/campagne2019-AFFICHE_A2_BD1-2.pdf\">AFFICHE_2 Format PDF<\/a><\/p>\n<p><img decoding=\"async\" class=\"alignnone wp-image-8199\" src=\"http:\/\/www.soralia.be\/wp-content\/uploads\/2019\/04\/campagne2019-AFFICHE_A2_BD1-3-724x1024.jpg\" alt=\"\" width=\"233\" height=\"333\" \/>\u00a0 \u00a0\u00a0<img decoding=\"async\" class=\"alignnone wp-image-8201\" src=\"http:\/\/www.soralia.be\/wp-content\/uploads\/2019\/04\/campagne2019-AFFICHE_A2_BD1-4-724x1024.jpg\" alt=\"\" width=\"235\" height=\"320\" \/><br \/>\n<a href=\"http:\/\/www.soralia.be\/wp-content\/uploads\/2019\/04\/campagne2019-AFFICHE_A2_BD1-3.pdf\">-AFFICHE_3 Format PDF<\/a>\u00a0 \u00a0 \u00a0 \u00a0 \u00a0 \u00a0 \u00a0 \u00a0 \u00a0 \u00a0\u2013<a href=\"http:\/\/www.soralia.be\/wp-content\/uploads\/2019\/04\/campagne2019-AFFICHE_A2_BD1-4.pdf\">AFFICHE_4 Format PDF<\/a><\/p>\n<p><a href=\"http:\/\/www.soralia.be\/wp-content\/uploads\/2019\/04\/de%E2%95%A0%C3%BCpliant_100x210_BD.pdf\"><img decoding=\"async\" class=\"alignnone wp-image-8204\" src=\"http:\/\/www.soralia.be\/wp-content\/uploads\/2019\/04\/depilant-1024x359.jpg\" sizes=\"(max-width: 616px) 100vw, 616px\" srcset=\"http:\/\/www.soralia.be\/wp-content\/uploads\/2019\/04\/depilant-200x70.jpg 200w, http:\/\/www.soralia.be\/wp-content\/uploads\/2019\/04\/depilant.jpg 1282w\" alt=\"\" width=\"616\" height=\"220\" \/><\/a><br \/>\n<a href=\"http:\/\/www.soralia.be\/wp-content\/uploads\/2019\/04\/depliant_100x210_print.pdf\">-DEPLIANT<\/a><\/p>\n<p><a href=\"http:\/\/www.soralia.be\/wp-content\/uploads\/2019\/04\/carte_postale_A6_print.pdf\">-CARTES_POSTALES<\/a><\/p>\n<p><a href=\"http:\/\/www.soralia.be\/wp-content\/uploads\/2016\/02\/Elections2019_BrochureA5.pdf\">-BROCHURE \u00ab\u00a0Voter, c\u2019est d\u00e9cider!\u00a0\u00bb<\/a><\/p>\n<p><a href=\"http:\/\/www.soralia.be\/wp-content\/uploads\/2019\/03\/Femmes-plurielle_Mars2019.pdf\">-MAGAZINE \u00ab\u00a0Femmes Plurielles\u00a0\u00bb &#8211; S\u00e9cu et s\u00e9curit\u00e9<\/a><\/p>\n<\/div><\/div><\/div><div class=\"fusion-panel panel-default panel-d5ffa09ce213fa653 fusion-toggle-has-divider\"><div class=\"panel-heading\"><h4 class=\"panel-title toggle\" id=\"toggle_d5ffa09ce213fa653\"><a aria-expanded=\"false\" aria-controls=\"d5ffa09ce213fa653\" role=\"button\" data-toggle=\"collapse\" data-parent=\"#accordion-10868-1\" data-target=\"#d5ffa09ce213fa653\" href=\"#d5ffa09ce213fa653\"><span class=\"fusion-toggle-icon-wrapper\" aria-hidden=\"true\"><i class=\"fa-fusion-box active-icon awb-icon-minus\" aria-hidden=\"true\"><\/i><i class=\"fa-fusion-box inactive-icon awb-icon-plus\" aria-hidden=\"true\"><\/i><\/span><span class=\"fusion-toggle-heading\">MEMORANDUM 2019<\/span><\/a><\/h4><\/div><div id=\"d5ffa09ce213fa653\" class=\"panel-collapse collapse \" aria-labelledby=\"toggle_d5ffa09ce213fa653\"><div class=\"panel-body toggle-content fusion-clearfix\">\n<p>\u00c0 la veille des \u00e9lections europ\u00e9ennes, f\u00e9d\u00e9rales et r\u00e9gionales, qui se tiendront le 26 mai prochain, les<strong>\u00a0FPS \u2013 Femmes Pr\u00e9voyantes Socialistes<\/strong>, en collaboration avec la\u00a0<strong>FCPF-FPS \u2013\u00a0<\/strong><strong>F\u00e9d\u00e9ration des Centres de Planning familial des FPS, portent leur revendications dans un\u00a0<a href=\"http:\/\/www.soralia.be\/wp-content\/uploads\/2019\/03\/memorandum-2019-FINAL_compressed-1.pdf\">m\u00e9morandum<\/a>.<\/strong><\/p>\n<p style=\"text-align: justify;\">Parmi les\u00a0<strong>nombreuses revendications<\/strong>\u00a0port\u00e9es par notre mouvement, nous retrouvons :<\/p>\n<ul style=\"text-align: justify;\">\n<li>La prise en compte de la dimension de genre dans le secteur\u00a0<strong>psycho-m\u00e9dico-social<\/strong>, de mani\u00e8re transversale, tant dans la formation de base que dans la formation continu\u00e9e\u00a0;<\/li>\n<li>L\u2019individualisation des droits sociaux et fiscaux\u00a0;<\/li>\n<li>La\u00a0<strong>g\u00e9n\u00e9ralisation effective de l\u2019EVRAS<\/strong>\u00a0au sein de tous les \u00e9tablissements scolaires tout au long du cursus scolaire et ce d\u00e8s la maternelle\u00a0;<\/li>\n<li>La\u00a0<strong>repr\u00e9sentation \u00e9quilibr\u00e9e<\/strong>\u00a0des hommes et des femmes dans les\u00a0<strong>instances de d\u00e9cision<\/strong>;<\/li>\n<li>Une meilleure information des\u00a0<strong>victimes de violences<\/strong>\u00a0sur leurs droits et les ressources \u00e0 leur disposition via la mise en place de campagnes d\u2019information et de sensibilisation\u00a0;<\/li>\n<li>la programmation et le financement d\u2019une offre coh\u00e9rente et suffisante de logements publics\u00a0;<\/li>\n<li>La\u00a0<strong>lutte contre les mesures du gouvernement Michel<\/strong>\u00a0qui diminuent le montant des pensions, allongent les carri\u00e8res et d\u00e9favorisent tout particuli\u00e8rement la population f\u00e9minine.;<\/li>\n<li>La\u00a0<strong>conscientisation<\/strong>\u00a0des journalistes et des m\u00e9dias aux notions de\u00a0<strong>genre<\/strong>;<\/li>\n<\/ul>\n<p style=\"text-align: justify;\">Les crises politiques, \u00e9conomiques et sociales qui ont secou\u00e9 et secouent encore notre pays, et l\u2019ultra-lib\u00e9ralisme qui gangr\u00e8ne nos soci\u00e9t\u00e9s europ\u00e9ennes, laissent pr\u00e9sager un retour \u00e0 une\u00a0<strong>situation sociale<\/strong>\u00a0extr\u00eamement\u00a0<strong>difficile<\/strong>\u00a0pour une grande partie de la population. Les femmes, et surtout les femmes \u00e0 la t\u00eate de familles monoparentales, subissent de plein fouet les r\u00e9ductions budg\u00e9taires et les coupes dans les d\u00e9penses sociales, d\u2019\u00e9ducation, de garde d\u2019enfants et de sant\u00e9. Soralia, mouvement f\u00e9ministe, mouvement mutuelliste et mouvement d\u2019\u00e9ducation permanente, tiennent \u00e0 rappeler que cette situation r\u00e9sulte de la persistance de\u00a0<strong>profondes in\u00e9galit\u00e9s de genre<\/strong>, que ce soit en mati\u00e8re de sant\u00e9, de travail, de parit\u00e9, de droits sociaux, dans la famille et dans tous les autres domaines de la vie. In\u00e9galit\u00e9s qui, malgr\u00e9 les grands pas effectu\u00e9s ces derni\u00e8res d\u00e9cennies, restent lourdes de cons\u00e9quences. D\u00e9monstration est faite\u00a0que ces discriminations, indignes d\u2019une soci\u00e9t\u00e9 d\u00e9mocratique, ne pourront dispara\u00eetre que par la mise en \u0153uvre d\u2019une r\u00e9elle volont\u00e9 politique globale, \u00e0 tous les niveaux de pouvoir.<\/p>\n<p style=\"text-align: justify;\">Pour cela, il est important que la dimension de genre soit pr\u00e9sente dans l\u2019ensemble des d\u00e9cisions prises par les pouvoirs publics, et ce quelle que soit la comp\u00e9tence politique qui est trait\u00e9e. Dans ce but, il est n\u00e9cessaire de renforcer le contr\u00f4le parlementaire sur les d\u00e9crets \u00ab\u00a0<strong>gender mainstreaming<\/strong>\u00a0\u00bb et la mise en \u0153uvre de la loi f\u00e9d\u00e9rale qui pr\u00e9voit l\u2019obligation pour le Gouvernement de prendre en compte la dimension \u00e9galit\u00e9 femmes-hommes tout au long des processus d\u00e9cisionnels, op\u00e9rationnels et budg\u00e9taires. Il est temps d\u2019agir, au moyen de gestes politiques forts. Pour que l\u2019\u00e9galit\u00e9 s\u2019inscrive dans les faits !<\/p>\n<p><span style=\"color: #3366ff;\"><strong>Lire la version compl\u00e8te du m\u00e9morandum en format PDF<\/strong>\u00a0:\u00a0<a style=\"color: #3366ff;\" href=\"http:\/\/www.soralia.be\/wp-content\/uploads\/2019\/03\/memorandum-2019-FINAL_compressed-1.pdf\">memorandum 2019<\/a><\/span><\/p>\n<\/div><\/div><\/div><div class=\"fusion-panel panel-default panel-70651da90d3a0383f fusion-toggle-has-divider\"><div class=\"panel-heading\"><h4 class=\"panel-title toggle\" id=\"toggle_70651da90d3a0383f\"><a aria-expanded=\"false\" aria-controls=\"70651da90d3a0383f\" role=\"button\" data-toggle=\"collapse\" data-parent=\"#accordion-10868-1\" data-target=\"#70651da90d3a0383f\" href=\"#70651da90d3a0383f\"><span class=\"fusion-toggle-icon-wrapper\" aria-hidden=\"true\"><i class=\"fa-fusion-box active-icon awb-icon-minus\" aria-hidden=\"true\"><\/i><i class=\"fa-fusion-box inactive-icon awb-icon-plus\" aria-hidden=\"true\"><\/i><\/span><span class=\"fusion-toggle-heading\">POUR ALLER PLUS LOIN<\/span><\/a><\/h4><\/div><div id=\"70651da90d3a0383f\" class=\"panel-collapse collapse \" aria-labelledby=\"toggle_70651da90d3a0383f\"><div class=\"panel-body toggle-content fusion-clearfix\">\n<ul>\n<li class=\"entry-title fusion-post-title\"><strong>Etude FPS 2018 \u2013 Nos pensions, leurs r\u00e9formes : r\u00e9percussions sur les femmes<br \/>\n<\/strong><a href=\"http:\/\/www.soralia.be\/2018\/12\/20\/etude-2018-reformes-pensions\/\">http:\/\/www.soralia.be\/2018\/12\/20\/etude-2018-reformes-pensions\/<\/a><\/li>\n<li class=\"entry-title fusion-post-title\"><strong>Magazine Femmes Plurielles de Mars 2019 \u2013 S\u00e9curit\u00e9 Sociale et la Solidarit\u00e9<br \/>\n<\/strong><a href=\"http:\/\/www.soralia.be\/wp-content\/uploads\/2019\/03\/Femmes-plurielle_Mars2019.pdf\">\u00a0http:\/\/www.soralia.be\/wp-content\/uploads\/2019\/03\/Femmes-plurielle_Mars2019.pdf<\/a><\/li>\n<li>\n<p class=\"entry-title fusion-post-title\"><strong>Etude FPS 2016 \u2013 Exclusion de l\u2019assurance-ch\u00f4mage<br \/>\n<\/strong><a href=\"http:\/\/www.soralia.be\/2017\/01\/27\/exclusion-de-lassurance-chomage\/\">http:\/\/www.soralia.be\/2017\/01\/27\/exclusion-de-lassurance-chomage\/<\/a><\/p>\n<\/li>\n<\/ul>\n<\/div><\/div><\/div><\/div><\/div><\/div><\/div><\/div><\/div>\n","protected":false},"excerpt":{"rendered":"","protected":false},"author":4,"featured_media":0,"parent":10472,"menu_order":3,"comment_status":"closed","ping_status":"closed","template":"","meta":{"footnotes":""},"class_list":["post-10868","page","type-page","status-publish","hentry"],"_links":{"self":[{"href":"https:\/\/www.soralia.be\/accueil\/wp-json\/wp\/v2\/pages\/10868","targetHints":{"allow":["GET"]}}],"collection":[{"href":"https:\/\/www.soralia.be\/accueil\/wp-json\/wp\/v2\/pages"}],"about":[{"href":"https:\/\/www.soralia.be\/accueil\/wp-json\/wp\/v2\/types\/page"}],"author":[{"embeddable":true,"href":"https:\/\/www.soralia.be\/accueil\/wp-json\/wp\/v2\/users\/4"}],"replies":[{"embeddable":true,"href":"https:\/\/www.soralia.be\/accueil\/wp-json\/wp\/v2\/comments?post=10868"}],"version-history":[{"count":2,"href":"https:\/\/www.soralia.be\/accueil\/wp-json\/wp\/v2\/pages\/10868\/revisions"}],"predecessor-version":[{"id":15994,"href":"https:\/\/www.soralia.be\/accueil\/wp-json\/wp\/v2\/pages\/10868\/revisions\/15994"}],"up":[{"embeddable":true,"href":"https:\/\/www.soralia.be\/accueil\/wp-json\/wp\/v2\/pages\/10472"}],"wp:attachment":[{"href":"https:\/\/www.soralia.be\/accueil\/wp-json\/wp\/v2\/media?parent=10868"}],"curies":[{"name":"wp","href":"https:\/\/api.w.org\/{rel}","templated":true}]}}