{"id":11016,"date":"2020-09-07T13:19:03","date_gmt":"2020-09-07T11:19:03","guid":{"rendered":"https:\/\/www.soralia.be\/?page_id=11016"},"modified":"2021-03-04T14:33:24","modified_gmt":"2021-03-04T13:33:24","slug":"outils-pedagogiques","status":"publish","type":"page","link":"https:\/\/www.soralia.be\/accueil\/publications\/outils-pedagogiques\/","title":{"rendered":"Outils p\u00e9dagogiques"},"content":{"rendered":"<div class=\"fusion-fullwidth fullwidth-box fusion-builder-row-1 fusion-flex-container nonhundred-percent-fullwidth non-hundred-percent-height-scrolling\" style=\"--awb-border-radius-top-left:0px;--awb-border-radius-top-right:0px;--awb-border-radius-bottom-right:0px;--awb-border-radius-bottom-left:0px;--awb-flex-wrap:wrap;\" ><div class=\"fusion-builder-row fusion-row fusion-flex-align-items-flex-start fusion-flex-content-wrap\" style=\"max-width:calc( 1200px + 0px );margin-left: calc(-0px \/ 2 );margin-right: calc(-0px \/ 2 );\"><div class=\"fusion-layout-column fusion_builder_column fusion-builder-column-0 fusion_builder_column_1_1 1_1 fusion-flex-column\" style=\"--awb-bg-size:cover;--awb-width-large:100%;--awb-margin-top-large:0px;--awb-spacing-right-large:0px;--awb-margin-bottom-large:20px;--awb-spacing-left-large:0px;--awb-width-medium:100%;--awb-spacing-right-medium:0px;--awb-spacing-left-medium:0px;--awb-width-small:100%;--awb-spacing-right-small:0px;--awb-spacing-left-small:0px;\"><div class=\"fusion-column-wrapper fusion-flex-justify-content-flex-start fusion-content-layout-column\"><div class=\"fusion-text fusion-text-1\"><p style=\"text-align: justify;\">Chaque ann\u00e9e, en tant que mouvement d\u2019Education permanente, nous r\u00e9alisons diverses productions, dont notamment des outils p\u00e9dagogiques et culturels. Dans une d\u00e9marche de vulgarisation, ces outils prennent des formes diverses mais offrent tous un \u00e9clairage et un d\u00e9cryptage minutieux de la soci\u00e9t\u00e9, via des apports ludiques. Destin\u00e9s autant au monde associatif qu\u2019au grand public, ils suscitent et alimentent le d\u00e9bat et la r\u00e9flexion critique.<\/p>\n<p style=\"text-align: justify;\">Comme l\u2019ensemble de nos publications, nos outils p\u00e9dagogiques et culturels sont r\u00e9partis en six th\u00e9matiques : \u00e9galit\u00e9 femmes\/hommes, sant\u00e9, droits &amp;\u00a0citoyennet\u00e9, familles,\u00a0violences et genres &amp; sexualit\u00e9s. Toutes nos publications sont disponibles gratuitement et dans leur int\u00e9gralit\u00e9 via les diff\u00e9rents onglets de notre site internet.<\/p>\n<p><img decoding=\"async\" class=\"alignnone wp-image-11808\" src=\"https:\/\/www.soralia.be\/wp-content\/uploads\/2021\/03\/Cc_by-nc-nd_.jpg\" alt=\"\" width=\"134\" height=\"47\" srcset=\"https:\/\/www.soralia.be\/wp-content\/uploads\/2021\/03\/Cc_by-nc-nd_-200x70.jpg 200w, https:\/\/www.soralia.be\/wp-content\/uploads\/2021\/03\/Cc_by-nc-nd_-300x105.jpg 300w, https:\/\/www.soralia.be\/wp-content\/uploads\/2021\/03\/Cc_by-nc-nd_-400x140.jpg 400w, https:\/\/www.soralia.be\/wp-content\/uploads\/2021\/03\/Cc_by-nc-nd_.jpg 600w\" sizes=\"(max-width: 134px) 100vw, 134px\" \/><\/p>\n<p><strong>Vous voulez \u00eatre tenu.e au courant r\u00e9guli\u00e8rement de nos publications ?<\/strong> <a href=\"https:\/\/www.soralia.be\/publications\/newsletter\/\">Inscrivez-vous \u00e0 notre newsletter trimestrielle<\/a>.<\/p>\n<p style=\"text-align: justify;\">Nos outils p\u00e9dagogiques et culturels sont \u00e9galement utilis\u00e9s par nos \u00e9quipes r\u00e9gionales dans le cadre d\u2019animations de terrain. Pour toute information \u00e0 ce sujet ou demande d\u2019intervention, <a href=\"https:\/\/www.soralia.be\/qui-sommes-nous\/regionales\/\">contactez la r\u00e9gionale de votre choix.<\/a><\/p>\n<\/div><div class=\"fusion-separator fusion-full-width-sep\" style=\"align-self: center;margin-left: auto;margin-right: auto;width:100%;\"><\/div><div class=\"fusion-recent-posts fusion-recent-posts-1 avada-container layout-thumbnails-on-side layout-columns-1\"><section class=\"fusion-columns columns fusion-columns-1 columns-1\"><article class=\"post fusion-column column col col-lg-12 col-md-12 col-sm-12\"><div class=\"fusion-flexslider fusion-flexslider-loading flexslider floated-slideshow flexslider-hover-type-none\"><ul class=\"slides\"><li><a href=\"https:\/\/www.soralia.be\/accueil\/outil-pedagogique-negoland\/\" aria-label=\"Outil p\u00e9dagogique &#8211; N\u00e9goland\" class=\"hover-type-none\"><img decoding=\"async\" width=\"177\" height=\"142\" src=\"https:\/\/www.soralia.be\/wp-content\/uploads\/2025\/12\/negoland-177x142.png\" class=\"attachment-portfolio-five size-portfolio-five\" alt=\"\" \/><\/a><\/li><\/ul><\/div><div class=\"recent-posts-content\"><span class=\"vcard\" style=\"display: none;\"><span class=\"fn\"><a href=\"https:\/\/www.soralia.be\/accueil\/author\/jassogne\/\" title=\"Articles par St\u00e9phanie Jassogne\" rel=\"author\">St\u00e9phanie Jassogne<\/a><\/span><\/span><span class=\"updated\" style=\"display:none;\">2025-12-19T11:40:19+01:00<\/span><h4 class=\"entry-title\"><a href=\"https:\/\/www.soralia.be\/accueil\/outil-pedagogique-negoland\/\">Outil p\u00e9dagogique &#8211; N\u00e9goland<\/a><\/h4><p class=\"meta\"><span class=\"vcard\" style=\"display: none;\"><span class=\"fn\"><a href=\"https:\/\/www.soralia.be\/accueil\/author\/jassogne\/\" title=\"Articles par St\u00e9phanie Jassogne\" rel=\"author\">St\u00e9phanie Jassogne<\/a><\/span><\/span><span class=\"updated\" style=\"display:none;\">2025-12-19T11:40:19+01:00<\/span><span>9 d\u00e9cembre 2025<\/span><span class=\"fusion-inline-sep\">|<\/span><span class=\"fusion-comments\"><span>Commentaires ferm\u00e9s<span class=\"screen-reader-text\"> sur Outil p\u00e9dagogique &#8211; N\u00e9goland<\/span><\/span><\/span><\/p><p> POURQUOI UN OUTIL P\u00c9DAGOGIQUE ? Dans un contexte o\u00f9 la m\u00e9fiance envers les institutions s\u2019accentue, o\u00f9 les in\u00e9galit\u00e9s augmentent et o\u00f9 les urgences climatiques, \u00e9conomiques et sociales appellent des d\u00e9cisions collectives fortes, il est essentiel de donner \u00e0 chacun\u00b7e les moyens de comprendre, d\u2019exp\u00e9rimenter et de s\u2019approprier les m\u00e9canismes de la vie publique. La gouvernance locale est souvent per\u00e7ue [...]<\/p><\/div><\/article><article class=\"post fusion-column column col col-lg-12 col-md-12 col-sm-12\"><div class=\"fusion-flexslider fusion-flexslider-loading flexslider floated-slideshow flexslider-hover-type-none\"><ul class=\"slides\"><li><a href=\"https:\/\/www.soralia.be\/accueil\/brochure-voter-cest-decider\/\" aria-label=\"Brochure &#8211; Voter, c&rsquo;est d\u00e9cider !\" class=\"hover-type-none\"><img decoding=\"async\" width=\"177\" height=\"142\" src=\"https:\/\/www.soralia.be\/wp-content\/uploads\/2024\/03\/voter-cest-decider-177x142.jpg\" class=\"attachment-portfolio-five size-portfolio-five\" alt=\"\" \/><\/a><\/li><\/ul><\/div><div class=\"recent-posts-content\"><span class=\"vcard\" style=\"display: none;\"><span class=\"fn\"><a href=\"https:\/\/www.soralia.be\/accueil\/author\/jassogne\/\" title=\"Articles par St\u00e9phanie Jassogne\" rel=\"author\">St\u00e9phanie Jassogne<\/a><\/span><\/span><span class=\"updated\" style=\"display:none;\">2024-12-17T16:38:36+01:00<\/span><h4 class=\"entry-title\"><a href=\"https:\/\/www.soralia.be\/accueil\/brochure-voter-cest-decider\/\">Brochure &#8211; Voter, c&rsquo;est d\u00e9cider !<\/a><\/h4><p class=\"meta\"><span class=\"vcard\" style=\"display: none;\"><span class=\"fn\"><a href=\"https:\/\/www.soralia.be\/accueil\/author\/jassogne\/\" title=\"Articles par St\u00e9phanie Jassogne\" rel=\"author\">St\u00e9phanie Jassogne<\/a><\/span><\/span><span class=\"updated\" style=\"display:none;\">2024-12-17T16:38:36+01:00<\/span><span>1 f\u00e9vrier 2024<\/span><span class=\"fusion-inline-sep\">|<\/span><span class=\"fusion-comments\"><span>Commentaires ferm\u00e9s<span class=\"screen-reader-text\"> sur Brochure &#8211; Voter, c&rsquo;est d\u00e9cider !<\/span><\/span><\/span><\/p><p> Un guide pour mieux comprendre les enjeux des \u00e9lections. Cette brochure est un outil p\u00e9dagogique qui a pour objectif de d\u00e9construire quelques id\u00e9es re\u00e7ues autour des \u00e9lections et de r\u00e9affirmer certains droits citoyen.ne.s. En 2024, nous sommes toutes et tous appel\u00e9\u00b7e\u00b7s aux urnes pour \u00e9lire nos repr\u00e9sentant\u00b7e\u00b7s aux niveaux f\u00e9d\u00e9ral, r\u00e9gional, europ\u00e9en, provincial et communal. Des scrutins multiples dont [...]<\/p><\/div><\/article><article class=\"post fusion-column column col col-lg-12 col-md-12 col-sm-12\"><div class=\"fusion-flexslider fusion-flexslider-loading flexslider floated-slideshow flexslider-hover-type-none\"><ul class=\"slides\"><li><a href=\"https:\/\/www.soralia.be\/accueil\/outil-pedagogique-cree-ta-ville-de-demain\/\" aria-label=\"Outil p\u00e9dagogique &#8211; Cr\u00e9e ta ville de demain\" class=\"hover-type-none\"><img decoding=\"async\" width=\"177\" height=\"142\" src=\"https:\/\/www.soralia.be\/wp-content\/uploads\/2023\/12\/OP2023-cree-ta-ville-de-demain-2-177x142.jpg\" class=\"attachment-portfolio-five size-portfolio-five\" alt=\"\" \/><\/a><\/li><\/ul><\/div><div class=\"recent-posts-content\"><span class=\"vcard\" style=\"display: none;\"><span class=\"fn\"><a href=\"https:\/\/www.soralia.be\/accueil\/author\/jassogne\/\" title=\"Articles par St\u00e9phanie Jassogne\" rel=\"author\">St\u00e9phanie Jassogne<\/a><\/span><\/span><span class=\"updated\" style=\"display:none;\">2023-12-18T14:27:31+01:00<\/span><h4 class=\"entry-title\"><a href=\"https:\/\/www.soralia.be\/accueil\/outil-pedagogique-cree-ta-ville-de-demain\/\">Outil p\u00e9dagogique &#8211; Cr\u00e9e ta ville de demain<\/a><\/h4><p class=\"meta\"><span class=\"vcard\" style=\"display: none;\"><span class=\"fn\"><a href=\"https:\/\/www.soralia.be\/accueil\/author\/jassogne\/\" title=\"Articles par St\u00e9phanie Jassogne\" rel=\"author\">St\u00e9phanie Jassogne<\/a><\/span><\/span><span class=\"updated\" style=\"display:none;\">2023-12-18T14:27:31+01:00<\/span><span>18 d\u00e9cembre 2023<\/span><span class=\"fusion-inline-sep\">|<\/span><span class=\"fusion-comments\"><span>Commentaires ferm\u00e9s<span class=\"screen-reader-text\"> sur Outil p\u00e9dagogique &#8211; Cr\u00e9e ta ville de demain<\/span><\/span><\/span><\/p><p> Cet outil p\u00e9dagogique a pour objectif de susciter la r\u00e9flexion quant \u00e0 la ville dans laquelle nous voudrions vivre demain. Une ville id\u00e9ale o\u00f9 tou\u00b7te citoyen\u00b7ne trouverait sa place et pourrait vivre dignement et ce, en prenant \u00e9galement en compte les d\u00e9fis li\u00e9s aux bouleversements \u00e9cologiques en termes d\u2019infrastructure, de logement, d\u2019am\u00e9nagement et d\u2019organisation de l\u2019espace public, etc. POURQUOI [...]<\/p><\/div><\/article><article class=\"post fusion-column column col col-lg-12 col-md-12 col-sm-12\"><div class=\"fusion-flexslider fusion-flexslider-loading flexslider floated-slideshow flexslider-hover-type-none\"><ul class=\"slides\"><li><a href=\"https:\/\/www.soralia.be\/accueil\/outil-pedagogique-le-sexisme-cest-pas-not-genre\/\" aria-label=\"Outil p\u00e9dagogique &#8211; Le sexisme ? C&rsquo;est pas not&rsquo; genre !\" class=\"hover-type-none\"><img decoding=\"async\" width=\"177\" height=\"142\" src=\"https:\/\/www.soralia.be\/wp-content\/uploads\/2023\/12\/Outil-pedagogique2023_Le-sexisme-pas-notre-genre-177x142.jpg\" class=\"attachment-portfolio-five size-portfolio-five\" alt=\"\" srcset=\"https:\/\/www.soralia.be\/wp-content\/uploads\/2023\/12\/Outil-pedagogique2023_Le-sexisme-pas-notre-genre-177x142.jpg 177w, https:\/\/www.soralia.be\/wp-content\/uploads\/2023\/12\/Outil-pedagogique2023_Le-sexisme-pas-notre-genre-267x214.jpg 267w\" sizes=\"(max-width: 177px) 100vw, 177px\" \/><\/a><\/li><\/ul><\/div><div class=\"recent-posts-content\"><span class=\"vcard\" style=\"display: none;\"><span class=\"fn\"><a href=\"https:\/\/www.soralia.be\/accueil\/author\/jassogne\/\" title=\"Articles par St\u00e9phanie Jassogne\" rel=\"author\">St\u00e9phanie Jassogne<\/a><\/span><\/span><span class=\"updated\" style=\"display:none;\">2023-12-13T11:24:54+01:00<\/span><h4 class=\"entry-title\"><a href=\"https:\/\/www.soralia.be\/accueil\/outil-pedagogique-le-sexisme-cest-pas-not-genre\/\">Outil p\u00e9dagogique &#8211;  Le sexisme ? C&rsquo;est pas not&rsquo; genre !<\/a><\/h4><p class=\"meta\"><span class=\"vcard\" style=\"display: none;\"><span class=\"fn\"><a href=\"https:\/\/www.soralia.be\/accueil\/author\/jassogne\/\" title=\"Articles par St\u00e9phanie Jassogne\" rel=\"author\">St\u00e9phanie Jassogne<\/a><\/span><\/span><span class=\"updated\" style=\"display:none;\">2023-12-13T11:24:54+01:00<\/span><span>13 d\u00e9cembre 2023<\/span><span class=\"fusion-inline-sep\">|<\/span><span class=\"fusion-comments\"><span>Commentaires ferm\u00e9s<span class=\"screen-reader-text\"> sur Outil p\u00e9dagogique &#8211;  Le sexisme ? C&rsquo;est pas not&rsquo; genre !<\/span><\/span><\/span><\/p><p> L\u2019\u00e9galit\u00e9 est certes inscrite dans la loi, mais pas toujours dans les faits ! Que l\u2019on soit une femme ou un homme, les st\u00e9r\u00e9otypes de genre existent encore et sont n\u00e9fastes pour toutes et tous. Sur les r\u00e9seaux sociaux, dans la presse, \u00e0 l\u2019\u00e9cole, au supermarch\u00e9,\u2026 Tous les jours, nous sommes bombard\u00e9\u2022e\u2022s de st\u00e9r\u00e9otypes que nous int\u00e9riorisons et v\u00e9hiculons [...]<\/p><\/div><\/article><article class=\"post fusion-column column col col-lg-12 col-md-12 col-sm-12\"><div class=\"fusion-flexslider fusion-flexslider-loading flexslider floated-slideshow flexslider-hover-type-none\"><ul class=\"slides\"><li><a href=\"https:\/\/www.soralia.be\/accueil\/expo-a-la-rencontre-de-la-sororite-au-maroc\/\" aria-label=\"Outil p\u00e9dagogique &#8211; \u00c0 la rencontre de la sororit\u00e9 au Maroc\" class=\"hover-type-none\"><img decoding=\"async\" width=\"177\" height=\"142\" src=\"https:\/\/www.soralia.be\/wp-content\/uploads\/2023\/11\/expo-maroc-177x142.jpg\" class=\"attachment-portfolio-five size-portfolio-five\" alt=\"\" \/><\/a><\/li><\/ul><\/div><div class=\"recent-posts-content\"><span class=\"vcard\" style=\"display: none;\"><span class=\"fn\"><a href=\"https:\/\/www.soralia.be\/accueil\/author\/jassogne\/\" title=\"Articles par St\u00e9phanie Jassogne\" rel=\"author\">St\u00e9phanie Jassogne<\/a><\/span><\/span><span class=\"updated\" style=\"display:none;\">2024-05-08T11:48:46+02:00<\/span><h4 class=\"entry-title\"><a href=\"https:\/\/www.soralia.be\/accueil\/expo-a-la-rencontre-de-la-sororite-au-maroc\/\">Outil p\u00e9dagogique &#8211; \u00c0 la rencontre de la sororit\u00e9 au Maroc<\/a><\/h4><p class=\"meta\"><span class=\"vcard\" style=\"display: none;\"><span class=\"fn\"><a href=\"https:\/\/www.soralia.be\/accueil\/author\/jassogne\/\" title=\"Articles par St\u00e9phanie Jassogne\" rel=\"author\">St\u00e9phanie Jassogne<\/a><\/span><\/span><span class=\"updated\" style=\"display:none;\">2024-05-08T11:48:46+02:00<\/span><span>23 novembre 2023<\/span><span class=\"fusion-inline-sep\">|<\/span><span class=\"fusion-comments\"><span>Commentaires ferm\u00e9s<span class=\"screen-reader-text\"> sur Outil p\u00e9dagogique &#8211; \u00c0 la rencontre de la sororit\u00e9 au Maroc<\/span><\/span><\/span><\/p><p> Portraits de militant\u00b7e\u00b7s par Soralia et Solsoc L\u2019exposition pr\u00e9sente les t\u00e9moignages de femmes marocaines, recueillis sur place par une d\u00e9l\u00e9gation de Soralia et Solsoc. Les th\u00e8mes abord\u00e9s sont vari\u00e9s : \u00e9conomie sociale et solidaire, place des femmes en politique ou dans l\u2019espace public, m\u00e9tiers genr\u00e9s ou encore sororit\u00e9. Le 24 novembre 2023, Soralia et Solsoc ont inaugur\u00e9 l'exposition en [...]<\/p><\/div><\/article><article class=\"post fusion-column column col col-lg-12 col-md-12 col-sm-12\"><div class=\"fusion-flexslider fusion-flexslider-loading flexslider floated-slideshow flexslider-hover-type-none\"><ul class=\"slides\"><li><a href=\"https:\/\/www.soralia.be\/accueil\/outil-pedagogique-100-ans-de-lutte-pour-les-droits-des-femmes-au-travers-des-actions-des-fps\/\" aria-label=\"Outil p\u00e9dagogique &#8211; 100 ans de lutte pour les droits des femmes au travers des actions des FPS\" class=\"hover-type-none\"><img decoding=\"async\" width=\"177\" height=\"142\" src=\"https:\/\/www.soralia.be\/wp-content\/uploads\/2022\/12\/Expo-100ans-2-177x142.jpg\" class=\"attachment-portfolio-five size-portfolio-five\" alt=\"\" \/><\/a><\/li><\/ul><\/div><div class=\"recent-posts-content\"><span class=\"vcard\" style=\"display: none;\"><span class=\"fn\"><a href=\"https:\/\/www.soralia.be\/accueil\/author\/jassogne\/\" title=\"Articles par St\u00e9phanie Jassogne\" rel=\"author\">St\u00e9phanie Jassogne<\/a><\/span><\/span><span class=\"updated\" style=\"display:none;\">2024-07-25T16:12:33+02:00<\/span><h4 class=\"entry-title\"><a href=\"https:\/\/www.soralia.be\/accueil\/outil-pedagogique-100-ans-de-lutte-pour-les-droits-des-femmes-au-travers-des-actions-des-fps\/\">Outil p\u00e9dagogique &#8211; 100 ans de lutte pour les droits des femmes au travers des actions des FPS<\/a><\/h4><p class=\"meta\"><span class=\"vcard\" style=\"display: none;\"><span class=\"fn\"><a href=\"https:\/\/www.soralia.be\/accueil\/author\/jassogne\/\" title=\"Articles par St\u00e9phanie Jassogne\" rel=\"author\">St\u00e9phanie Jassogne<\/a><\/span><\/span><span class=\"updated\" style=\"display:none;\">2024-07-25T16:12:33+02:00<\/span><span>16 d\u00e9cembre 2022<\/span><span class=\"fusion-inline-sep\">|<\/span><span class=\"fusion-comments\"><span>Commentaires ferm\u00e9s<span class=\"screen-reader-text\"> sur Outil p\u00e9dagogique &#8211; 100 ans de lutte pour les droits des femmes au travers des actions des FPS<\/span><\/span><\/span><\/p><p> Pourquoi cet outil p\u00e9dagogique ? \u00c0 l\u2019occasion de leur centenaire et de leur changement de nom, les Femmes Pr\u00e9voyantes Socialistes (FPS) ont souhait\u00e9 retracer leur histoire, en miroir de l\u2019\u00e9volution des droits des femmes et du contexte sociopolitique belge. L\u2019origine du Mouvement correspond \u00e0 des besoins concrets rencontr\u00e9s par les femmes ouvri\u00e8res des ann\u00e9es 1920. Le socialisme s\u2019est concr\u00e9tis\u00e9 [...]<\/p><\/div><\/article><article class=\"post fusion-column column col col-lg-12 col-md-12 col-sm-12\"><div class=\"fusion-flexslider fusion-flexslider-loading flexslider floated-slideshow flexslider-hover-type-none\"><ul class=\"slides\"><li><a href=\"https:\/\/www.soralia.be\/accueil\/outil-pedagogique-familial-pursuit\/\" aria-label=\"Outil p\u00e9dagogique &#8211; Familial Pursuit\" class=\"hover-type-none\"><img decoding=\"async\" width=\"177\" height=\"142\" src=\"https:\/\/www.soralia.be\/wp-content\/uploads\/2021\/02\/familia-poursuit-177x142.jpg\" class=\"attachment-portfolio-five size-portfolio-five\" alt=\"\" \/><\/a><\/li><\/ul><\/div><div class=\"recent-posts-content\"><span class=\"vcard\" style=\"display: none;\"><span class=\"fn\"><a href=\"https:\/\/www.soralia.be\/accueil\/author\/jassogne\/\" title=\"Articles par St\u00e9phanie Jassogne\" rel=\"author\">St\u00e9phanie Jassogne<\/a><\/span><\/span><span class=\"updated\" style=\"display:none;\">2022-10-13T15:48:55+02:00<\/span><h4 class=\"entry-title\"><a href=\"https:\/\/www.soralia.be\/accueil\/outil-pedagogique-familial-pursuit\/\">Outil p\u00e9dagogique &#8211; Familial Pursuit<\/a><\/h4><p class=\"meta\"><span class=\"vcard\" style=\"display: none;\"><span class=\"fn\"><a href=\"https:\/\/www.soralia.be\/accueil\/author\/jassogne\/\" title=\"Articles par St\u00e9phanie Jassogne\" rel=\"author\">St\u00e9phanie Jassogne<\/a><\/span><\/span><span class=\"updated\" style=\"display:none;\">2022-10-13T15:48:55+02:00<\/span><span>19 f\u00e9vrier 2021<\/span><span class=\"fusion-inline-sep\">|<\/span><span class=\"fusion-comments\"><span>Commentaires ferm\u00e9s<span class=\"screen-reader-text\"> sur Outil p\u00e9dagogique &#8211; Familial Pursuit<\/span><\/span><\/span><\/p><p> Depuis leur origine, Soralia sont fortement investies sur les th\u00e9matiques en lien avec les familles et les politiques qui les concernent. Les r\u00f4les parentaux assign\u00e9s aux femmes et aux hommes dans les familles, le libre choix de procr\u00e9er ou non, l\u2019offre d\u2019accueil des enfants, le partage des t\u00e2ches m\u00e9nag\u00e8res et parentales, l\u2019\u00e9galit\u00e9 fiscale et sociale ont \u00e9t\u00e9 et sont [...]<\/p><\/div><\/article><article class=\"post fusion-column column col col-lg-12 col-md-12 col-sm-12\"><div class=\"fusion-flexslider fusion-flexslider-loading flexslider floated-slideshow flexslider-hover-type-none\"><ul class=\"slides\"><li><a href=\"https:\/\/www.soralia.be\/accueil\/outil-pedagogique-confeminement-un-outil-deducation-permanente\/\" aria-label=\"Outil p\u00e9dagogique &#8211; Conf\u00e9mininement, un outil d\u2019\u00e9ducation permanente\" class=\"hover-type-none\"><img decoding=\"async\" width=\"168\" height=\"142\" src=\"https:\/\/www.soralia.be\/wp-content\/uploads\/2020\/12\/OP2020-Confemininement-1.jpg\" class=\"attachment-portfolio-five size-portfolio-five\" alt=\"\" \/><\/a><\/li><\/ul><\/div><div class=\"recent-posts-content\"><span class=\"vcard\" style=\"display: none;\"><span class=\"fn\"><a href=\"https:\/\/www.soralia.be\/accueil\/author\/jassogne\/\" title=\"Articles par St\u00e9phanie Jassogne\" rel=\"author\">St\u00e9phanie Jassogne<\/a><\/span><\/span><span class=\"updated\" style=\"display:none;\">2024-07-25T16:15:22+02:00<\/span><h4 class=\"entry-title\"><a href=\"https:\/\/www.soralia.be\/accueil\/outil-pedagogique-confeminement-un-outil-deducation-permanente\/\">Outil p\u00e9dagogique &#8211; Conf\u00e9mininement, un outil d\u2019\u00e9ducation permanente<\/a><\/h4><p class=\"meta\"><span class=\"vcard\" style=\"display: none;\"><span class=\"fn\"><a href=\"https:\/\/www.soralia.be\/accueil\/author\/jassogne\/\" title=\"Articles par St\u00e9phanie Jassogne\" rel=\"author\">St\u00e9phanie Jassogne<\/a><\/span><\/span><span class=\"updated\" style=\"display:none;\">2024-07-25T16:15:22+02:00<\/span><span>3 d\u00e9cembre 2020<\/span><span class=\"fusion-inline-sep\">|<\/span><span class=\"fusion-comments\"><span>Commentaires ferm\u00e9s<span class=\"screen-reader-text\"> sur Outil p\u00e9dagogique &#8211; Conf\u00e9mininement, un outil d\u2019\u00e9ducation permanente<\/span><\/span><\/span><\/p><p> Le livre \u00ab Conf\u00e9mininement\u00bb est n\u00e9 dans le contexte du premier confinement qui a bouscul\u00e9 la Belgique et le monde entier de mars \u00e0 juin 2020. Il s\u2019agit d\u2019un recueil de 27 t\u00e9moignages de 26 femmes et un homme, militant\u00b7e\u00b7s issu\u00b7e\u00b7s de notre r\u00e9seau de comit\u00e9s locaux. Au d\u00e9part, il s\u2019agissait de rendre compte de situations personnelles. Il s\u2019est [...]<\/p><\/div><\/article><article class=\"post fusion-column column col col-lg-12 col-md-12 col-sm-12\"><div class=\"fusion-flexslider fusion-flexslider-loading flexslider floated-slideshow flexslider-hover-type-none\"><ul class=\"slides\"><li><a href=\"https:\/\/www.soralia.be\/accueil\/individualisation-des-droits-laffaire-de-toutes-et-tous\/\" aria-label=\"Outil p\u00e9dagogique &#8211; Individualisation des droits : l\u2019affaire de toutes et tous !\" class=\"hover-type-none\"><img decoding=\"async\" width=\"177\" height=\"142\" src=\"https:\/\/www.soralia.be\/wp-content\/uploads\/2020\/12\/IDS2020-image-cover.1-177x142.jpg\" class=\"attachment-portfolio-five size-portfolio-five\" alt=\"\" srcset=\"https:\/\/www.soralia.be\/wp-content\/uploads\/2020\/12\/IDS2020-image-cover.1-177x142.jpg 177w, https:\/\/www.soralia.be\/wp-content\/uploads\/2020\/12\/IDS2020-image-cover.1-200x162.jpg 200w, https:\/\/www.soralia.be\/wp-content\/uploads\/2020\/12\/IDS2020-image-cover.1-300x243.jpg 300w\" sizes=\"(max-width: 177px) 100vw, 177px\" \/><\/a><\/li><\/ul><\/div><div class=\"recent-posts-content\"><span class=\"vcard\" style=\"display: none;\"><span class=\"fn\"><a href=\"https:\/\/www.soralia.be\/accueil\/author\/jassogne\/\" title=\"Articles par St\u00e9phanie Jassogne\" rel=\"author\">St\u00e9phanie Jassogne<\/a><\/span><\/span><span class=\"updated\" style=\"display:none;\">2022-10-13T15:58:40+02:00<\/span><h4 class=\"entry-title\"><a href=\"https:\/\/www.soralia.be\/accueil\/individualisation-des-droits-laffaire-de-toutes-et-tous\/\">Outil p\u00e9dagogique &#8211; Individualisation des droits : l\u2019affaire de toutes et tous !<\/a><\/h4><p class=\"meta\"><span class=\"vcard\" style=\"display: none;\"><span class=\"fn\"><a href=\"https:\/\/www.soralia.be\/accueil\/author\/jassogne\/\" title=\"Articles par St\u00e9phanie Jassogne\" rel=\"author\">St\u00e9phanie Jassogne<\/a><\/span><\/span><span class=\"updated\" style=\"display:none;\">2022-10-13T15:58:40+02:00<\/span><span>2 d\u00e9cembre 2020<\/span><span class=\"fusion-inline-sep\">|<\/span><span class=\"fusion-comments\"><span>Commentaires ferm\u00e9s<span class=\"screen-reader-text\"> sur Outil p\u00e9dagogique &#8211; Individualisation des droits : l\u2019affaire de toutes et tous !<\/span><\/span><\/span><\/p><p> L\u2019individualisation des droits ? Derri\u00e8re ce terme complexe et impossible \u00e0 r\u00e9p\u00e9ter plus de trois fois d\u2019affil\u00e9e sans bafouiller se cache une solution pour une S\u00e9curit\u00e9 sociale plus inclusive, \u00e9galitaire et f\u00e9ministe ! Depuis de nombreuses ann\u00e9es, Soralia, ainsi que d\u2019autres associations f\u00e9ministes, lutte pour la fin de la familiarisation des droits sociaux. Mais comment rendre ce concept accessible [...]<\/p><\/div><\/article><\/section><\/div><\/div><\/div><\/div><\/div>\n","protected":false},"excerpt":{"rendered":"","protected":false},"author":4,"featured_media":0,"parent":8,"menu_order":0,"comment_status":"closed","ping_status":"closed","template":"","meta":{"footnotes":""},"class_list":["post-11016","page","type-page","status-publish","hentry"],"_links":{"self":[{"href":"https:\/\/www.soralia.be\/accueil\/wp-json\/wp\/v2\/pages\/11016","targetHints":{"allow":["GET"]}}],"collection":[{"href":"https:\/\/www.soralia.be\/accueil\/wp-json\/wp\/v2\/pages"}],"about":[{"href":"https:\/\/www.soralia.be\/accueil\/wp-json\/wp\/v2\/types\/page"}],"author":[{"embeddable":true,"href":"https:\/\/www.soralia.be\/accueil\/wp-json\/wp\/v2\/users\/4"}],"replies":[{"embeddable":true,"href":"https:\/\/www.soralia.be\/accueil\/wp-json\/wp\/v2\/comments?post=11016"}],"version-history":[{"count":54,"href":"https:\/\/www.soralia.be\/accueil\/wp-json\/wp\/v2\/pages\/11016\/revisions"}],"predecessor-version":[{"id":11811,"href":"https:\/\/www.soralia.be\/accueil\/wp-json\/wp\/v2\/pages\/11016\/revisions\/11811"}],"up":[{"embeddable":true,"href":"https:\/\/www.soralia.be\/accueil\/wp-json\/wp\/v2\/pages\/8"}],"wp:attachment":[{"href":"https:\/\/www.soralia.be\/accueil\/wp-json\/wp\/v2\/media?parent=11016"}],"curies":[{"name":"wp","href":"https:\/\/api.w.org\/{rel}","templated":true}]}}