{"id":12999,"date":"2021-10-18T10:58:45","date_gmt":"2021-10-18T08:58:45","guid":{"rendered":"https:\/\/www.soralia.be\/?page_id=12999"},"modified":"2023-06-22T16:02:20","modified_gmt":"2023-06-22T14:02:20","slug":"familles-au-pluriel-campagne-2020","status":"publish","type":"page","link":"https:\/\/www.soralia.be\/accueil\/archives\/familles-au-pluriel-campagne-2020\/","title":{"rendered":"Familles au pluriel &#8211; Campagne 2020"},"content":{"rendered":"<div class=\"fusion-fullwidth fullwidth-box fusion-builder-row-1 fusion-flex-container nonhundred-percent-fullwidth non-hundred-percent-height-scrolling\" style=\"--awb-border-radius-top-left:0px;--awb-border-radius-top-right:0px;--awb-border-radius-bottom-right:0px;--awb-border-radius-bottom-left:0px;--awb-flex-wrap:wrap;\" ><div class=\"fusion-builder-row fusion-row fusion-flex-align-items-flex-start fusion-flex-content-wrap\" style=\"max-width:1248px;margin-left: calc(-4% \/ 2 );margin-right: calc(-4% \/ 2 );\"><div class=\"fusion-layout-column fusion_builder_column fusion-builder-column-0 fusion_builder_column_1_1 1_1 fusion-flex-column\" style=\"--awb-bg-size:cover;--awb-width-large:100%;--awb-margin-top-large:0px;--awb-spacing-right-large:1.92%;--awb-margin-bottom-large:0px;--awb-spacing-left-large:1.92%;--awb-width-medium:100%;--awb-spacing-right-medium:1.92%;--awb-spacing-left-medium:1.92%;--awb-width-small:100%;--awb-spacing-right-small:1.92%;--awb-spacing-left-small:1.92%;\"><div class=\"fusion-column-wrapper fusion-flex-justify-content-flex-start fusion-content-layout-column\"><div class=\"fusion-text fusion-text-1\"><p><span class=\"fusion-imageframe imageframe-none imageframe-1 hover-type-none\"><img decoding=\"async\" class=\"img-responsive wp-image-10895\" title=\"Banner final RS\" src=\"https:\/\/www.soralia.be\/wp-content\/uploads\/2020\/07\/Banner-final-RS.jpg\" sizes=\"(max-width: 800px) 100vw, 800px\" srcset=\"https:\/\/www.soralia.be\/wp-content\/uploads\/2020\/07\/Banner-final-RS-200x76.jpg 200w, https:\/\/www.soralia.be\/wp-content\/uploads\/2020\/07\/Banner-final-RS-400x152.jpg 400w, https:\/\/www.soralia.be\/wp-content\/uploads\/2020\/07\/Banner-final-RS-600x228.jpg 600w, https:\/\/www.soralia.be\/wp-content\/uploads\/2020\/07\/Banner-final-RS-800x304.jpg 800w, https:\/\/www.soralia.be\/wp-content\/uploads\/2020\/07\/Banner-final-RS.jpg 820w\" alt=\"\" width=\"820\" height=\"312\" \/><\/span><\/p>\n<div class=\"fusion-text\">\n<h2><\/h2>\n<h2>Soralia sont fi\u00e8res de vous pr\u00e9senter leur campagne 2020 portant sur les politiques familiales.<\/h2>\n<h2><strong>Une campagne dans l\u2019air du temps<\/strong><\/h2>\n<p>Face \u00e0 la\u00a0<strong>crise<\/strong>\u00a0que nous venons de traverser, nous avons pu constater la persistance\u00a0<strong>d\u2019in\u00e9galit\u00e9s sociales et de genre<\/strong>\u00a0dans nos quotidiens. Dans la plupart des cas,\u00a0<strong>les femmes ont d\u00fb assurer la gestion de la maison et des enfants tout en continuant \u00e0 travailler<\/strong>. Cette r\u00e9alit\u00e9 t\u00e9moigne de st\u00e9r\u00e9otypes de genre pr\u00e9sentant encore trop souvent la m\u00e8re comme la gestionnaire principale du foyer.<\/p>\n<p>Les\u00a0<strong>politiques familiales<\/strong>\u00a0sont justement des\u00a0<strong>leviers essentiels pour lutter contre ces in\u00e9galit\u00e9s<\/strong>. Il s\u2019agit d\u2019outils mis en place par l\u2019Etat et cens\u00e9 favoriser toutes les familles.\u00a0 Aux\u00a0<strong>FPS<\/strong>, nous militons depuis toujours pour un\u00a0<strong>Etat social fort, \u00e9galitaire et r\u00e9pondant aux besoins de toutes les familles.<\/strong>\u00a0Puisque condition des femmes et politiques familiales sont \u00e9troitement li\u00e9es, nous insufflons une\u00a0<strong>approche genr\u00e9e<\/strong>\u00a0\u00e0 notre d\u00e9marche.<\/p>\n<h2><strong>Une campagne pour interpeller le grand public et le monde politique<\/strong><\/h2>\n<p>Aborder les politiques familiales avec le grand public n\u2019est pas une chose ais\u00e9e. C\u2019est la raison pour laquelle nous avons con\u00e7u nos\u00a0<strong>vid\u00e9os \u00ab\u00a0\u00e0 hauteur d\u2019enfants\u00a0\u00bb<\/strong>. Ces derniers nous racontent de fa\u00e7on touchante, amusante et r\u00e9aliste leurs quotidiens et pourquoi de solides politiques familiales sont essentielles.<\/p>\n<p>Si nous souhaitons\u00a0<strong>sensibiliser le grand public<\/strong>, au travers de contenus vulgaris\u00e9s, il nous semble \u00e9galement essentiel\u00a0<strong>d\u2019interpeller le monde politique<\/strong>\u00a0en l\u2019encourageant \u00e0 adopter des groupes de r\u00e9flexions transversaux ainsi qu\u2019un meilleur financement des diverses politiques familiales. Nous les contacterons donc \u00e0 cet effet.<\/p>\n<h2 class=\"fusion-button-wrapper\"><strong><span class=\"fusion-button-text\">Les outils de la campagne<\/span><\/strong><\/h2>\n<p><a href=\"https:\/\/www.soralia.be\/wp-content\/uploads\/2020\/07\/Dossier-de-presse-final-EV-1.pdf\">Dossier de presse<\/a><\/p>\n<p><a href=\"https:\/\/www.soralia.be\/wp-content\/uploads\/2020\/07\/Flyer-web.pdf\">La brochure<\/a><\/p>\n<p>La vid\u00e9o \u00ab\u00a0Et si on changeait les choses ?\u00a0\u00bb<\/p>\n<div style=\"width: 1080px;\" class=\"wp-video\"><video class=\"wp-video-shortcode\" id=\"video-12999-1\" width=\"1080\" height=\"520\" preload=\"metadata\" controls=\"controls\"><source type=\"video\/mp4\" src=\"https:\/\/www.soralia.be\/wp-content\/uploads\/2020\/07\/FPS-__-Campagne-Familles-au-Pluriel-Cr\u00e9ances-alimentaires.mp4?_=1\" \/><a href=\"https:\/\/www.soralia.be\/wp-content\/uploads\/2020\/07\/FPS-__-Campagne-Familles-au-Pluriel-Cr\u00e9ances-alimentaires.mp4\">https:\/\/www.soralia.be\/wp-content\/uploads\/2020\/07\/FPS-__-Campagne-Familles-au-Pluriel-Cr\u00e9ances-alimentaires.mp4<\/a><\/video><\/div><\/div>\n<div class=\"accordian fusion-accordian\">\n<div class=\"fusion-toggle-heading\"><\/div>\n<\/div>\n<div class=\"fusion-text\">\n<p>Avec le soutien de la F\u00e9d\u00e9ration Wallonie-Bruxelles<\/p>\n<p><img decoding=\"async\" class=\"alignnone size-full wp-image-10377\" src=\"https:\/\/www.soralia.be\/wp-content\/uploads\/2020\/02\/FBW.gif\" alt=\"\" width=\"100\" height=\"107\" \/><\/p>\n<\/div>\n<p><span class=\"fusion-imageframe imageframe-none imageframe-2 hover-type-none\"><img decoding=\"async\" class=\"img-responsive wp-image-11325\" title=\"unnamed\" src=\"https:\/\/www.soralia.be\/wp-content\/uploads\/2020\/10\/unnamed-300x105.jpg\" sizes=\"(max-width: 800px) 100vw, 300px\" srcset=\"https:\/\/www.soralia.be\/wp-content\/uploads\/2020\/10\/unnamed-200x70.jpg 200w, https:\/\/www.soralia.be\/wp-content\/uploads\/2020\/10\/unnamed-400x140.jpg 400w, https:\/\/www.soralia.be\/wp-content\/uploads\/2020\/10\/unnamed.jpg 403w\" alt=\"\" width=\"169\" height=\"59\" \/><\/span><\/p>\n<\/div><\/div><\/div><\/div><\/div>\n","protected":false},"excerpt":{"rendered":"","protected":false},"author":4,"featured_media":0,"parent":10472,"menu_order":2,"comment_status":"closed","ping_status":"closed","template":"","meta":{"footnotes":""},"class_list":["post-12999","page","type-page","status-publish","hentry"],"_links":{"self":[{"href":"https:\/\/www.soralia.be\/accueil\/wp-json\/wp\/v2\/pages\/12999","targetHints":{"allow":["GET"]}}],"collection":[{"href":"https:\/\/www.soralia.be\/accueil\/wp-json\/wp\/v2\/pages"}],"about":[{"href":"https:\/\/www.soralia.be\/accueil\/wp-json\/wp\/v2\/types\/page"}],"author":[{"embeddable":true,"href":"https:\/\/www.soralia.be\/accueil\/wp-json\/wp\/v2\/users\/4"}],"replies":[{"embeddable":true,"href":"https:\/\/www.soralia.be\/accueil\/wp-json\/wp\/v2\/comments?post=12999"}],"version-history":[{"count":8,"href":"https:\/\/www.soralia.be\/accueil\/wp-json\/wp\/v2\/pages\/12999\/revisions"}],"predecessor-version":[{"id":15993,"href":"https:\/\/www.soralia.be\/accueil\/wp-json\/wp\/v2\/pages\/12999\/revisions\/15993"}],"up":[{"embeddable":true,"href":"https:\/\/www.soralia.be\/accueil\/wp-json\/wp\/v2\/pages\/10472"}],"wp:attachment":[{"href":"https:\/\/www.soralia.be\/accueil\/wp-json\/wp\/v2\/media?parent=12999"}],"curies":[{"name":"wp","href":"https:\/\/api.w.org\/{rel}","templated":true}]}}