{"id":1305,"date":"2017-01-18T10:34:26","date_gmt":"2017-01-18T09:34:26","guid":{"rendered":"http:\/\/www.soralia.be\/?page_id=1305"},"modified":"2025-10-06T15:12:03","modified_gmt":"2025-10-06T13:12:03","slug":"charleroi","status":"publish","type":"page","link":"https:\/\/www.soralia.be\/accueil\/qui-sommes-nous\/regionales\/charleroi\/","title":{"rendered":"Charleroi"},"content":{"rendered":"<div class=\"fusion-fullwidth fullwidth-box fusion-builder-row-1 fusion-flex-container nonhundred-percent-fullwidth non-hundred-percent-height-scrolling\" style=\"--awb-border-radius-top-left:0px;--awb-border-radius-top-right:0px;--awb-border-radius-bottom-right:0px;--awb-border-radius-bottom-left:0px;--awb-flex-wrap:wrap;\" ><div class=\"fusion-builder-row fusion-row fusion-flex-align-items-flex-start fusion-flex-content-wrap\" style=\"max-width:1248px;margin-left: calc(-4% \/ 2 );margin-right: calc(-4% \/ 2 );\"><div class=\"fusion-layout-column fusion_builder_column fusion-builder-column-0 fusion_builder_column_1_1 1_1 fusion-flex-column\" style=\"--awb-bg-size:cover;--awb-width-large:100%;--awb-margin-top-large:0px;--awb-spacing-right-large:1.92%;--awb-margin-bottom-large:0px;--awb-spacing-left-large:1.92%;--awb-width-medium:100%;--awb-spacing-right-medium:1.92%;--awb-spacing-left-medium:1.92%;--awb-width-small:100%;--awb-spacing-right-small:1.92%;--awb-spacing-left-small:1.92%;\"><div class=\"fusion-column-wrapper fusion-flex-justify-content-flex-start fusion-content-layout-column\"><div class=\"fusion-text fusion-text-1\"><h3 style=\"text-align: justify;\">Soralia Charleroi<\/h3>\n<p style=\"text-align: justify;\">Soralia Charleroi se compose d\u2019une \u00e9quipe pluridisciplinaire de 9 employ\u00e9es\/animatrices dynamiques et engag\u00e9es qui travaillent essentiellement en r\u00e9seau, en collaborant avec les autres associations de Charleroi qui deviennent au fil du temps, des partenaires incontournables tels que les centres culturels, entre autres, afin de mener \u00e0 bien un certain nombre de projets associatifs en lien avec le mouvement.<\/p>\n<p style=\"text-align: justify;\">Une des particularit\u00e9s de la r\u00e9gionale est qu\u2019elle compte parmi ses forces, <a href=\"http:\/\/www.ecole-fps-charleroi.be\/\">l\u2019\u00e9cole de Promotion Sociale Soralia<\/a>, <a href=\"https:\/\/www.facebook.com\/planning.cpf\/?fref=ts\">le Centre planning familial Soralia <\/a>et <a href=\"http:\/\/lesuicide.be\/\">Un Pass dans l\u2019Impasse <\/a>(un centre de consultation psychologique pour la pr\u00e9vention au suicide).<\/p>\n<\/div><div class=\"fusion-text fusion-text-2\"><p><strong>Prochaines activit\u00e9s:<br \/>\n<\/strong><div class=\"ecs-no-events\">Il n\u2019y a pas d\u2019\u00e9v\u00e8nements \u00e0 venir.<\/div><\/p>\n<\/div><div class=\"fusion-text fusion-text-3\"><h3>Contact<\/h3>\n<p>Secr\u00e9taire g\u00e9n\u00e9ral : Patrick Solau<br \/>\nplace Vauban 24 &#8211; 6000 Charleroi<br \/>\nTel\u00a0: 071\/507.819 ou 071\/507.821 &#8211; <a href=\"mailto:soralia.charleroi@solidaris.be\">soralia.charleroi@solidaris.be<br \/>\n<\/a>Facebook : <a href=\"https:\/\/www.facebook.com\/fpsdecharleroi\">Soralia Charleroi<\/a><\/p>\n<\/div>\t\t\t\t\t<script type=\"text\/javascript\">\n\t\t\t\t\t\tvar map_fusion_map_69e76aae11fc4;\n\t\t\t\t\t\tvar markers = [];\n\t\t\t\t\t\tvar counter = 0;\n\t\t\t\t\t\t\t\t\t\t\t\t\t\t\t\t\t\t\t\tvar fusionMapNonce = '190d0e6178';\n\t\t\t\t\t\t\t\t\t\t\t\tfunction fusion_run_map_fusion_map_69e76aae11fc4() {\n\t\t\t\t\t\t\tjQuery ('#fusion_map_69e76aae11fc4' ).fusion_maps( {\n\t\t\t\t\t\t\t\taddresses: [{\"address\":\"Place Vauban 24 \\u2013 6000 Charleroi\",\"infobox_content\":\"Place Vauban 24 \\u2013 6000 Charleroi\",\"coordinates\":false,\"cache\":true,\"latitude\":\"50.4115935\",\"longitude\":\"4.4441837\"}],\n\t\t\t\t\t\t\t\tanimations: false,\n\t\t\t\t\t\t\t\tinfobox_background_color: '',\n\t\t\t\t\t\t\t\tinfobox_styling: 'default',\n\t\t\t\t\t\t\t\tinfobox_text_color: '',\n\t\t\t\t\t\t\t\tmap_style: 'default',\n\t\t\t\t\t\t\t\tmap_type: 'satellite',\n\t\t\t\t\t\t\t\tmarker_icon: '',\n\t\t\t\t\t\t\t\toverlay_color: '',\n\t\t\t\t\t\t\t\toverlay_color_hsl: {\"hue\":0,\"sat\":0,\"lum\":100},\n\t\t\t\t\t\t\t\tshow_address: true,\n\t\t\t\t\t\t\t\tscale_control: true,\n\t\t\t\t\t\t\t\tscrollwheel: true,\n\t\t\t\t\t\t\t\tzoom: 14,\n\t\t\t\t\t\t\t\tzoom_control: true,\n\t\t\t\t\t\t\t} );\n\t\t\t\t\t\t}\n\n\t\t\t\t\t\tgoogle.maps.event.addDomListener(window, 'load', fusion_run_map_fusion_map_69e76aae11fc4);\n\t\t\t\t\t<\/script>\n\t\t\t\t\t<div class=\"shortcode-map fusion-google-map fusion-maps-js-type\" style=\"--awb-height:550px;--awb-width:700px;\" id=\"fusion_map_69e76aae11fc4\"><\/div><\/div><\/div><\/div><\/div>\n","protected":false},"excerpt":{"rendered":"","protected":false},"author":4,"featured_media":0,"parent":71,"menu_order":0,"comment_status":"closed","ping_status":"closed","template":"","meta":{"footnotes":""},"class_list":["post-1305","page","type-page","status-publish","hentry"],"_links":{"self":[{"href":"https:\/\/www.soralia.be\/accueil\/wp-json\/wp\/v2\/pages\/1305","targetHints":{"allow":["GET"]}}],"collection":[{"href":"https:\/\/www.soralia.be\/accueil\/wp-json\/wp\/v2\/pages"}],"about":[{"href":"https:\/\/www.soralia.be\/accueil\/wp-json\/wp\/v2\/types\/page"}],"author":[{"embeddable":true,"href":"https:\/\/www.soralia.be\/accueil\/wp-json\/wp\/v2\/users\/4"}],"replies":[{"embeddable":true,"href":"https:\/\/www.soralia.be\/accueil\/wp-json\/wp\/v2\/comments?post=1305"}],"version-history":[{"count":71,"href":"https:\/\/www.soralia.be\/accueil\/wp-json\/wp\/v2\/pages\/1305\/revisions"}],"predecessor-version":[{"id":22401,"href":"https:\/\/www.soralia.be\/accueil\/wp-json\/wp\/v2\/pages\/1305\/revisions\/22401"}],"up":[{"embeddable":true,"href":"https:\/\/www.soralia.be\/accueil\/wp-json\/wp\/v2\/pages\/71"}],"wp:attachment":[{"href":"https:\/\/www.soralia.be\/accueil\/wp-json\/wp\/v2\/media?parent=1305"}],"curies":[{"name":"wp","href":"https:\/\/api.w.org\/{rel}","templated":true}]}}