{"id":133,"date":"2016-09-19T16:13:18","date_gmt":"2016-09-19T14:13:18","guid":{"rendered":"http:\/\/www.soralia.be\/?page_id=133"},"modified":"2026-04-08T11:48:31","modified_gmt":"2026-04-08T09:48:31","slug":"jobs","status":"publish","type":"page","link":"https:\/\/www.soralia.be\/accueil\/jobs\/","title":{"rendered":"Jobs"},"content":{"rendered":"<div class=\"fusion-fullwidth fullwidth-box fusion-builder-row-1 fusion-flex-container nonhundred-percent-fullwidth non-hundred-percent-height-scrolling\" style=\"--awb-border-radius-top-left:0px;--awb-border-radius-top-right:0px;--awb-border-radius-bottom-right:0px;--awb-border-radius-bottom-left:0px;--awb-flex-wrap:wrap;\" ><div class=\"fusion-builder-row fusion-row fusion-flex-align-items-stretch fusion-flex-content-wrap\" style=\"max-width:1248px;margin-left: calc(-4% \/ 2 );margin-right: calc(-4% \/ 2 );\"><div class=\"fusion-layout-column fusion_builder_column fusion-builder-column-0 fusion_builder_column_1_1 1_1 fusion-flex-column\" style=\"--awb-bg-size:cover;--awb-width-large:100%;--awb-margin-top-large:0px;--awb-spacing-right-large:1.92%;--awb-margin-bottom-large:0px;--awb-spacing-left-large:1.92%;--awb-width-medium:100%;--awb-spacing-right-medium:1.92%;--awb-spacing-left-medium:1.92%;--awb-width-small:100%;--awb-spacing-right-small:1.92%;--awb-spacing-left-small:1.92%;\"><div class=\"fusion-column-wrapper fusion-flex-justify-content-flex-start fusion-content-layout-column\"><div class=\"fusion-text fusion-text-1\"><h3>Afin de relever de nombreux d\u00e9fis, SORALIA recrute: un\u00b7e animateur\u00b7trice socioculturel\u00b7le (\u00e9ducation permanente) pour sa r\u00e9gionale de Bruxelles (sous statut ACS).<\/h3>\n<p><strong>Vous \u00eates motiv\u00e9\u00b7e par le fait de :<\/strong><\/p>\n<ul>\n<li>identifier et analyser les besoins des diff\u00e9rents publics cibles (public adulte) ;<\/li>\n<li>concevoir, proposer et mettre en oeuvre des projets et des animations dans le cadre de l\u2019\u00e9galit\u00e9 des femmes et des hommes, la promotion de la sant\u00e9, la citoyennet\u00e9 et les familles ;<\/li>\n<li>r\u00e9aliser les t\u00e2ches administratives en lien avec la fonction : promotion, organisation des actions, r\u00e9daction de rapports d\u2019activit\u00e9, recherche de financements, suivis budg\u00e9taires\u2026<\/li>\n<li>assurer une \u00e9valuation qualitative et quantitative des programmes d\u2019animations et projets.<\/li>\n<\/ul>\n<p><strong>Vous vous reconnaissez dans le profil suivant :<\/strong><\/p>\n<ul>\n<li>vous manifestez un r\u00e9el int\u00e9r\u00eat pour les finalit\u00e9s de l\u2019association et partagez ses valeurs ;<\/li>\n<li>vous disposez d\u2019un dipl\u00f4me de l\u2019enseignement sup\u00e9rieur non universitaire (en lien avec les sciences humaines) et\/ou d\u2019une exp\u00e9rience professionnelle probante en lien avec la fonction ;<\/li>\n<li>vous avez des aptitudes p\u00e9dagogiques et en gestion de dynamique de groupe (public adulte) ;<\/li>\n<li>vous poss\u00e9dez une certaine connaissance du secteur socioculturel et de l\u2019Education Permanente;<\/li>\n<li>vous \u00eates curieux et faites preuve de cr\u00e9ativit\u00e9 ;<\/li>\n<li>vous recherchez un travail diversifi\u00e9 et \u00e9loign\u00e9 de la routine ;<\/li>\n<li>vous \u00eates capable de travailler tant en autonomie qu\u2019en \u00e9quipe ;<\/li>\n<li>vous aimez prendre des initiatives et avez le sens de l\u2019organisation ;<\/li>\n<li>vous faites preuve de flexibilit\u00e9 au niveau des horaires, de d\u00e9placements et lieux de travail, la fonction impliquant des d\u00e9placements sur l\u2019ensemble du territoire ainsi qu\u2019\u00e9ventuellement des prestations en soir\u00e9e et le week-end ;<\/li>\n<li>vous poss\u00e9dez un permis de conduire et un moyen de locomotion.<\/li>\n<\/ul>\n<p><strong>Vous correspondez aux conditions du statut ACS :<\/strong><\/p>\n<ul>\n<li>Vous \u00eates domicili\u00e9\u00b7e dans la R\u00e9gion de Bruxelles-Capitale<\/li>\n<li>Vous \u00eates inscrit\u00b7e aupr\u00e8s de ACTIRIS et appartenez \u00e0 l\u2019une des cat\u00e9gories suivantes :<br \/>\n&#8211; Avoir \u00e9t\u00e9 inscrit\u00b7e comme chercheur\u00b7se d\u2019emploi inoccup\u00e9\u00b7e pendant 6 mois au moins aupr\u00e8s d\u2019un service public d\u2019emploi d\u2019un Etat faisant partie de l\u2019Espace \u00e9conomique europ\u00e9en au cours des 12 mois qui pr\u00e9c\u00e8dent l\u2019engagement.<br \/>\n&#8211; B\u00e9n\u00e9ficier du droit \u00e0 l\u2019int\u00e9gration sociale ou de l\u2019aide sociale et avoir b\u00e9n\u00e9fici\u00e9 pendant 6 mois au moins d\u2019un revenu d\u2019int\u00e9gration ou d\u2019une aide sociale au cours des 12 mois qui pr\u00e9c\u00e8dent l\u2019engagement.<br \/>\n&#8211; \u00catre ch\u00f4meur\u00b7se complet indemnis\u00e9\u00b7e, \u00e2g\u00e9\u00b7e de 40 ans au moins.<\/li>\n<\/ul>\n<p><strong>Nous offrons :<\/strong><\/p>\n<ul>\n<li>un contrat temps plein &#8211; CDI (36h\/semaine) ;<\/li>\n<li>une fonction vari\u00e9e dans un environnement humain et dynamique ;<\/li>\n<li>un salaire \u00e0 l\u2019\u00e9chelon relevant des bar\u00e8mes applicables en CP 329.02 assorti de divers avantages extral\u00e9gaux dont les ch\u00e8ques repas ;<\/li>\n<li>un accompagnement \u00e0 la prise de fonction et un parcours de formation ;<\/li>\n<\/ul>\n<p><strong>lieu d\u2019activit\u00e9s : Bruxelles.<\/strong><br \/>\nInt\u00e9ress\u00e9\u00b7e ? Nous vous attendons!<br \/>\nEnvoyez votre CV accompagn\u00e9 d\u2019une lettre de motivation au plus tard pour le 19 avril 2026 \u00e0 l\u2019attention de Rebecca Lejeune, \u00e0 l\u2019adresse mail suivante : <a href=\"mailto:recrutement.soralia@solidaris.be\">recrutement.soralia@solidaris.be<\/a> en mentionnant en objet : nom, pr\u00e9nom, candidature animateur\u00b7trice Soralia Bruxelles.<\/p>\n<p>ATTENTION : SEULES LES PERSONNES RENTRANT DANS LES CONDITIONS ACS SERONT CONSIDEREES (voir les conditions sur le site d\u2019ACTIRIS : <a href=\"https:\/\/www.actiris.brussels\/fr\/citoyens\/contrat-pour-agents-contractuels-subventionnes\/\">Contrat pour agents contractuels subventionn\u00e9s | Actiris<\/a>)<\/p>\n<p>Test \u00e9crit au secr\u00e9tariat g\u00e9n\u00e9ral Bruxelles la semaine du 4 mai 2026 ;<br \/>\nJury oral \u00e0 la r\u00e9gionale de Bruxelles la semaine du 18 mai 2026;<br \/>\nPrise de fonction souhait\u00e9e : Semaine du 25 mai 2026.<\/p>\n<\/div><\/div><\/div><\/div><\/div>\n","protected":false},"excerpt":{"rendered":"","protected":false},"author":1,"featured_media":0,"parent":0,"menu_order":0,"comment_status":"closed","ping_status":"closed","template":"","meta":{"footnotes":""},"class_list":["post-133","page","type-page","status-publish","hentry"],"_links":{"self":[{"href":"https:\/\/www.soralia.be\/accueil\/wp-json\/wp\/v2\/pages\/133","targetHints":{"allow":["GET"]}}],"collection":[{"href":"https:\/\/www.soralia.be\/accueil\/wp-json\/wp\/v2\/pages"}],"about":[{"href":"https:\/\/www.soralia.be\/accueil\/wp-json\/wp\/v2\/types\/page"}],"author":[{"embeddable":true,"href":"https:\/\/www.soralia.be\/accueil\/wp-json\/wp\/v2\/users\/1"}],"replies":[{"embeddable":true,"href":"https:\/\/www.soralia.be\/accueil\/wp-json\/wp\/v2\/comments?post=133"}],"version-history":[{"count":118,"href":"https:\/\/www.soralia.be\/accueil\/wp-json\/wp\/v2\/pages\/133\/revisions"}],"predecessor-version":[{"id":23573,"href":"https:\/\/www.soralia.be\/accueil\/wp-json\/wp\/v2\/pages\/133\/revisions\/23573"}],"wp:attachment":[{"href":"https:\/\/www.soralia.be\/accueil\/wp-json\/wp\/v2\/media?parent=133"}],"curies":[{"name":"wp","href":"https:\/\/api.w.org\/{rel}","templated":true}]}}