{"id":17407,"date":"2024-03-13T17:20:22","date_gmt":"2024-03-13T16:20:22","guid":{"rendered":"https:\/\/www.soralia.be\/accueil\/?page_id=17407"},"modified":"2024-06-17T13:55:27","modified_gmt":"2024-06-17T11:55:27","slug":"legalite-cest-pas-gagne-campagne-2023","status":"publish","type":"page","link":"https:\/\/www.soralia.be\/accueil\/archives\/legalite-cest-pas-gagne-campagne-2023\/","title":{"rendered":"L&rsquo;\u00e9galit\u00e9, c&rsquo;est pas gagn\u00e9 ! &#8211; Campagne 2023"},"content":{"rendered":"<p><div class=\"fusion-fullwidth fullwidth-box fusion-builder-row-1 fusion-flex-container nonhundred-percent-fullwidth non-hundred-percent-height-scrolling\" style=\"--awb-border-radius-top-left:0px;--awb-border-radius-top-right:0px;--awb-border-radius-bottom-right:0px;--awb-border-radius-bottom-left:0px;--awb-flex-wrap:wrap;\" ><div class=\"fusion-builder-row fusion-row fusion-flex-align-items-flex-start fusion-flex-content-wrap\" style=\"max-width:1248px;margin-left: calc(-4% \/ 2 );margin-right: calc(-4% \/ 2 );\"><div class=\"fusion-layout-column fusion_builder_column fusion-builder-column-0 fusion_builder_column_1_1 1_1 fusion-flex-column\" style=\"--awb-bg-size:cover;--awb-width-large:100%;--awb-margin-top-large:0px;--awb-spacing-right-large:1.92%;--awb-margin-bottom-large:0px;--awb-spacing-left-large:1.92%;--awb-width-medium:100%;--awb-spacing-right-medium:1.92%;--awb-spacing-left-medium:1.92%;--awb-width-small:100%;--awb-spacing-right-small:1.92%;--awb-spacing-left-small:1.92%;\"><div class=\"fusion-column-wrapper fusion-flex-justify-content-flex-start fusion-content-layout-column\"><div class=\"fusion-text fusion-text-1\"><h4><strong><em>ON ENTEND SOUVENT DIRE QUE L&rsquo;EGALITE ENTRE LES FEMMES ET LES HOMMES EST ACQUISE&#8230;<br \/>\nMAIS, EN 2023, EST-CE VRAIMENT LE CAS ?<\/em><\/strong><\/h4>\n<p>Beaucoup de personnes pensent que le combat f\u00e9ministe pour une soci\u00e9t\u00e9 \u00e9galitaire n\u2019a plus raison d\u2019\u00eatre aujourd\u2019hui, pourtant les st\u00e9r\u00e9otypes de genre sont encore bien ancr\u00e9s aujourd\u2019hui dans notre soci\u00e9t\u00e9. <strong>L\u2019\u00e9galit\u00e9 est certes inscrite dans la loi, mais ne l\u2019est pas toujours dans les faits !<\/strong><\/p>\n<h4><strong><em>UNE CAMPAGNE D\u2019INFORMATION ET DE SENSIBILISATION <\/em><\/strong><\/h4>\n<p>Notre Campagne \u00ab L\u2019\u00e9galit\u00e9, c\u2019est pas gagn\u00e9 ! \u00bb a pour objectif d\u2019apporter un point de vue critique sur 4 in\u00e9galit\u00e9s subies principalement par les femmes :<\/p>\n<ol>\n<li><strong>Les injonctions v\u00e9hicul\u00e9es dans la soci\u00e9t\u00e9 sur le corps des femmes et des jeunes filles <\/strong>;<\/li>\n<li><strong>Le travail \u00e0 temps partiel<\/strong> effectu\u00e9 majoritairement par les femmes et <strong>l\u2019\u00e9cart salarial<\/strong> qui en d\u00e9coule\u00a0;<\/li>\n<li><strong>La charge mentale<\/strong> port\u00e9e dans la plupart des cas par les femmes au sein des couples h\u00e9t\u00e9rosexuels ;<\/li>\n<li><strong>Le poids du sexisme et du harc\u00e8lement<\/strong> dans l\u2019espace public.<\/li>\n<\/ol>\n<p>Ces th\u00e9matiques sont d\u00e9clin\u00e9es en <strong>4 podcasts<\/strong> et <strong>4 visuels <\/strong>(cartes postales et affiches)<\/p>\n<h4><strong><em>QUELLES SONT NOS REVENDICATIONS POLITIQUES POUR CES 4 THEMATIQUES ?<\/em><\/strong><\/h4>\n<\/div><div class=\"accordian fusion-accordian\" style=\"--awb-border-size:1px;--awb-icon-size:16px;--awb-content-font-size:var(--awb-typography4-font-size);--awb-icon-alignment:left;--awb-hover-color:var(--awb-color2);--awb-border-color:var(--awb-color3);--awb-background-color:var(--awb-color1);--awb-divider-color:var(--awb-color3);--awb-divider-hover-color:var(--awb-color3);--awb-icon-color:var(--awb-color1);--awb-title-color:#551aa3;--awb-content-color:var(--awb-color8);--awb-icon-box-color:var(--awb-color8);--awb-toggle-hover-accent-color:var(--awb-color5);--awb-title-font-family:var(--awb-typography1-font-family);--awb-title-font-weight:var(--awb-typography1-font-weight);--awb-title-font-style:var(--awb-typography1-font-style);--awb-title-font-size:24px;--awb-content-font-family:var(--awb-typography4-font-family);--awb-content-font-weight:var(--awb-typography4-font-weight);--awb-content-font-style:var(--awb-typography4-font-style);\"><div class=\"panel-group fusion-toggle-icon-boxed\" id=\"accordion-17407-1\"><div class=\"fusion-panel panel-default panel-2a5d920e749315fe0 fusion-toggle-has-divider\" style=\"--awb-title-font-size:var(--awb-typography4-font-size);--awb-title-color:var(--awb-color8);--awb-content-color:var(--awb-color8);\"><div class=\"panel-heading\"><h5 class=\"panel-title toggle\" id=\"toggle_2a5d920e749315fe0\"><a aria-expanded=\"false\" aria-controls=\"2a5d920e749315fe0\" role=\"button\" data-toggle=\"collapse\" data-parent=\"#accordion-17407-1\" data-target=\"#2a5d920e749315fe0\" href=\"#2a5d920e749315fe0\"><span class=\"fusion-toggle-icon-wrapper\" aria-hidden=\"true\"><i class=\"fa-fusion-box active-icon awb-icon-minus\" aria-hidden=\"true\"><\/i><i class=\"fa-fusion-box inactive-icon awb-icon-plus\" aria-hidden=\"true\"><\/i><\/span><span class=\"fusion-toggle-heading\">Injonctions sur le corps des femmes<\/span><\/a><\/h5><\/div><div id=\"2a5d920e749315fe0\" class=\"panel-collapse collapse \" aria-labelledby=\"toggle_2a5d920e749315fe0\"><div class=\"panel-body toggle-content fusion-clearfix\">\n<ul>\n<li>Favoriser l\u2019EVRAS (\u00e9ducation \u00e0 la vie relationnelle, affective et sexuelle) tout au long de la vie afin de d\u00e9velopper une r\u00e9flexion critique sur le lien entre corps f\u00e9minins, \u00e9galit\u00e9 des sexes et st\u00e9r\u00e9otypes de genres ;<\/li>\n<li>Favoriser l\u2019\u00e9ducation aux m\u00e9dias afin de profiter de toutes les opportunit\u00e9s et richesses qu\u2019offrent les m\u00e9dias tout en \u00e9tant capable de d\u00e9tecter les limites et les d\u00e9rives qui s\u2019y rapportent.<\/li>\n<\/ul>\n<\/div><\/div><\/div><div class=\"fusion-panel panel-default panel-bf1cfc2b067af47ea fusion-toggle-has-divider\" style=\"--awb-title-font-size:var(--awb-typography4-font-size);--awb-title-color:var(--awb-color8);--awb-content-color:var(--awb-color8);\"><div class=\"panel-heading\"><h5 class=\"panel-title toggle\" id=\"toggle_bf1cfc2b067af47ea\"><a aria-expanded=\"false\" aria-controls=\"bf1cfc2b067af47ea\" role=\"button\" data-toggle=\"collapse\" data-parent=\"#accordion-17407-1\" data-target=\"#bf1cfc2b067af47ea\" href=\"#bf1cfc2b067af47ea\"><span class=\"fusion-toggle-icon-wrapper\" aria-hidden=\"true\"><i class=\"fa-fusion-box active-icon awb-icon-minus\" aria-hidden=\"true\"><\/i><i class=\"fa-fusion-box inactive-icon awb-icon-plus\" aria-hidden=\"true\"><\/i><\/span><span class=\"fusion-toggle-heading\">Travail \u00e0 temps-partiel et \u00e9cart salarial<\/span><\/a><\/h5><\/div><div id=\"bf1cfc2b067af47ea\" class=\"panel-collapse collapse \" aria-labelledby=\"toggle_bf1cfc2b067af47ea\"><div class=\"panel-body toggle-content fusion-clearfix\">\n<ul>\n<li>Encourager et renforcer la diversit\u00e9 des genres dans toutes les fili\u00e8res professionnelles, notamment en luttant contre les st\u00e9r\u00e9otypes de genre ;<\/li>\n<li>Elaborer, de mani\u00e8re globale dans notre soci\u00e9t\u00e9, une r\u00e9duction collective du temps de travail sans perte de salaire et avec embauche compensatoire (la vraie semaine de 4 jours).<\/li>\n<\/ul>\n<\/div><\/div><\/div><div class=\"fusion-panel panel-default panel-20c323577df93ef60 fusion-toggle-has-divider\" style=\"--awb-title-font-size:var(--awb-typography4-font-size);--awb-title-color:var(--awb-color8);--awb-content-color:var(--awb-color8);\"><div class=\"panel-heading\"><h5 class=\"panel-title toggle\" id=\"toggle_20c323577df93ef60\"><a aria-expanded=\"false\" aria-controls=\"20c323577df93ef60\" role=\"button\" data-toggle=\"collapse\" data-parent=\"#accordion-17407-1\" data-target=\"#20c323577df93ef60\" href=\"#20c323577df93ef60\"><span class=\"fusion-toggle-icon-wrapper\" aria-hidden=\"true\"><i class=\"fa-fusion-box active-icon awb-icon-minus\" aria-hidden=\"true\"><\/i><i class=\"fa-fusion-box inactive-icon awb-icon-plus\" aria-hidden=\"true\"><\/i><\/span><span class=\"fusion-toggle-heading\">Charge mentale<\/span><\/a><\/h5><\/div><div id=\"20c323577df93ef60\" class=\"panel-collapse collapse \" aria-labelledby=\"toggle_20c323577df93ef60\"><div class=\"panel-body toggle-content fusion-clearfix\">\n<ul>\n<li>Combattre les st\u00e9r\u00e9otypes du style : \u00ab les hommes ne savent pas faire deux choses \u00e0 la fois \u00bb qui tendent \u00e0 p\u00e9renniser l\u2019in\u00e9gale r\u00e9partition des t\u00e2ches et de la charge mentale ;<\/li>\n<li>Calquer la dur\u00e9e du cong\u00e9 de co-parentalit\u00e9 sur celle du cong\u00e9 de maternit\u00e9 et le rendre obligatoire pour que les deux parents soient aupr\u00e8s de l\u2019enfant d\u00e8s le moment o\u00f9 il faut apprendre \u00e0 s\u2019en occuper.<\/li>\n<\/ul>\n<\/div><\/div><\/div><div class=\"fusion-panel panel-default panel-46b70108e17f861c9 fusion-toggle-has-divider\" style=\"--awb-title-font-size:var(--awb-typography4-font-size);--awb-title-color:var(--awb-color8);--awb-content-color:var(--awb-color8);\"><div class=\"panel-heading\"><h5 class=\"panel-title toggle\" id=\"toggle_46b70108e17f861c9\"><a aria-expanded=\"false\" aria-controls=\"46b70108e17f861c9\" role=\"button\" data-toggle=\"collapse\" data-parent=\"#accordion-17407-1\" data-target=\"#46b70108e17f861c9\" href=\"#46b70108e17f861c9\"><span class=\"fusion-toggle-icon-wrapper\" aria-hidden=\"true\"><i class=\"fa-fusion-box active-icon awb-icon-minus\" aria-hidden=\"true\"><\/i><i class=\"fa-fusion-box inactive-icon awb-icon-plus\" aria-hidden=\"true\"><\/i><\/span><span class=\"fusion-toggle-heading\">Harc\u00e8lement\/sexisme en rue<\/span><\/a><\/h5><\/div><div id=\"46b70108e17f861c9\" class=\"panel-collapse collapse \" aria-labelledby=\"toggle_46b70108e17f861c9\"><div class=\"panel-body toggle-content fusion-clearfix\">\n<ul>\n<li>Prendre la th\u00e9matique du genre en compte dans l\u2019am\u00e9nagement de l\u2019espace public afin d\u2019en garantir un acc\u00e8s plus \u00e9galitaire ;<\/li>\n<li>Am\u00e9liorer et \u00e9tendre la formation sur les violences bas\u00e9es sur le genre des professionnel\u00b7le\u00b7s de premi\u00e8re ligne (forces de l\u2019ordre, m\u00e9decins, avocat\u00b7e\u00b7s, magistrat\u00b7e\u00b7s, etc.) pour permettre une meilleure prise en charge des victimes de harc\u00e8lement dans l\u2019espace public.<\/li>\n<\/ul>\n<\/div><\/div><\/div><\/div><\/div><div class=\"fusion-text fusion-text-2\"><h4><em><strong>LES OUTILS DE CAMPAGNE<\/strong><\/em><\/h4>\n<\/div><div class=\"fusion-text fusion-text-3\"><p><a href=\"https:\/\/www.soralia.be\/wp-content\/uploads\/2023\/06\/DOSSIER-DE-PRESSE-campagne-Soralia_2023.pdf\"><strong>LE DOSSIER DE PRESSE<\/strong><\/a><\/p>\n<\/div><div class=\"fusion-text fusion-text-4\"><p><strong>4 PODCASTS<\/strong><\/p>\n<\/div><\/div><\/div><\/div><\/div><div class=\"fusion-fullwidth fullwidth-box fusion-builder-row-2 fusion-flex-container has-pattern-background has-mask-background nonhundred-percent-fullwidth non-hundred-percent-height-scrolling\" style=\"--awb-border-radius-top-left:0px;--awb-border-radius-top-right:0px;--awb-border-radius-bottom-right:0px;--awb-border-radius-bottom-left:0px;--awb-flex-wrap:wrap;\" ><div class=\"fusion-builder-row fusion-row fusion-flex-align-items-flex-start fusion-flex-content-wrap\" style=\"max-width:1248px;margin-left: calc(-4% \/ 2 );margin-right: calc(-4% \/ 2 );\"><div class=\"fusion-layout-column fusion_builder_column fusion-builder-column-1 fusion_builder_column_1_2 1_2 fusion-flex-column\" style=\"--awb-bg-size:cover;--awb-width-large:50%;--awb-margin-top-large:0px;--awb-spacing-right-large:3.84%;--awb-margin-bottom-large:20px;--awb-spacing-left-large:3.84%;--awb-width-medium:50%;--awb-order-medium:0;--awb-spacing-right-medium:3.84%;--awb-spacing-left-medium:3.84%;--awb-width-small:100%;--awb-order-small:0;--awb-spacing-right-small:1.92%;--awb-spacing-left-small:1.92%;\"><div class=\"fusion-column-wrapper fusion-column-has-shadow fusion-flex-justify-content-flex-start fusion-content-layout-column\"><div class=\"fusion-video fusion-youtube\" style=\"--awb-max-width:600px;--awb-max-height:360px;\"><div class=\"video-shortcode\"><div class=\"fluid-width-video-wrapper\" style=\"padding-top:60%;\" ><iframe title=\"YouTube video player 1\" src=\"https:\/\/www.youtube.com\/embed\/o9SBhf-8jks?wmode=transparent&autoplay=0\" width=\"600\" height=\"360\" allowfullscreen allow=\"autoplay; clipboard-write; encrypted-media; gyroscope; picture-in-picture;\"><\/iframe><\/div><\/div><\/div><\/div><\/div><div class=\"fusion-layout-column fusion_builder_column fusion-builder-column-2 fusion_builder_column_1_2 1_2 fusion-flex-column\" style=\"--awb-bg-size:cover;--awb-width-large:50%;--awb-margin-top-large:0px;--awb-spacing-right-large:3.84%;--awb-margin-bottom-large:20px;--awb-spacing-left-large:3.84%;--awb-width-medium:50%;--awb-order-medium:0;--awb-spacing-right-medium:3.84%;--awb-spacing-left-medium:3.84%;--awb-width-small:100%;--awb-order-small:0;--awb-spacing-right-small:1.92%;--awb-spacing-left-small:1.92%;\"><div class=\"fusion-column-wrapper fusion-column-has-shadow fusion-flex-justify-content-flex-start fusion-content-layout-column\"><div class=\"fusion-video fusion-youtube\" style=\"--awb-max-width:600px;--awb-max-height:360px;\"><div class=\"video-shortcode\"><div class=\"fluid-width-video-wrapper\" style=\"padding-top:60%;\" ><iframe title=\"YouTube video player 2\" src=\"https:\/\/www.youtube.com\/embed\/KVuz9hWNCg0?wmode=transparent&autoplay=0\" width=\"600\" height=\"360\" allowfullscreen allow=\"autoplay; clipboard-write; encrypted-media; gyroscope; picture-in-picture;\"><\/iframe><\/div><\/div><\/div><\/div><\/div><div class=\"fusion-layout-column fusion_builder_column fusion-builder-column-3 fusion_builder_column_1_2 1_2 fusion-flex-column\" style=\"--awb-bg-size:cover;--awb-width-large:50%;--awb-margin-top-large:0px;--awb-spacing-right-large:3.84%;--awb-margin-bottom-large:20px;--awb-spacing-left-large:3.84%;--awb-width-medium:50%;--awb-order-medium:0;--awb-spacing-right-medium:3.84%;--awb-spacing-left-medium:3.84%;--awb-width-small:100%;--awb-order-small:0;--awb-spacing-right-small:1.92%;--awb-spacing-left-small:1.92%;\"><div class=\"fusion-column-wrapper fusion-column-has-shadow fusion-flex-justify-content-flex-start fusion-content-layout-column\"><div class=\"fusion-video fusion-youtube\" style=\"--awb-max-width:600px;--awb-max-height:360px;\"><div class=\"video-shortcode\"><div class=\"fluid-width-video-wrapper\" style=\"padding-top:60%;\" ><iframe title=\"YouTube video player 3\" src=\"https:\/\/www.youtube.com\/embed\/ZzHUEiTYiMo?wmode=transparent&autoplay=0\" width=\"600\" height=\"360\" allowfullscreen allow=\"autoplay; clipboard-write; encrypted-media; gyroscope; picture-in-picture;\"><\/iframe><\/div><\/div><\/div><\/div><\/div><div class=\"fusion-layout-column fusion_builder_column fusion-builder-column-4 fusion_builder_column_1_2 1_2 fusion-flex-column\" style=\"--awb-bg-size:cover;--awb-width-large:50%;--awb-margin-top-large:0px;--awb-spacing-right-large:3.84%;--awb-margin-bottom-large:20px;--awb-spacing-left-large:3.84%;--awb-width-medium:50%;--awb-order-medium:0;--awb-spacing-right-medium:3.84%;--awb-spacing-left-medium:3.84%;--awb-width-small:100%;--awb-order-small:0;--awb-spacing-right-small:1.92%;--awb-spacing-left-small:1.92%;\"><div class=\"fusion-column-wrapper fusion-column-has-shadow fusion-flex-justify-content-flex-start fusion-content-layout-column\"><div class=\"fusion-video fusion-youtube\" style=\"--awb-max-width:600px;--awb-max-height:360px;\"><div class=\"video-shortcode\"><div class=\"fluid-width-video-wrapper\" style=\"padding-top:60%;\" ><iframe title=\"YouTube video player 4\" src=\"https:\/\/www.youtube.com\/embed\/gNxbPxt5zwc?wmode=transparent&autoplay=0\" width=\"600\" height=\"360\" allowfullscreen allow=\"autoplay; clipboard-write; encrypted-media; gyroscope; picture-in-picture;\"><\/iframe><\/div><\/div><\/div><\/div><\/div><\/div><\/div><div class=\"fusion-fullwidth fullwidth-box fusion-builder-row-3 fusion-flex-container has-pattern-background has-mask-background nonhundred-percent-fullwidth non-hundred-percent-height-scrolling\" style=\"--awb-border-radius-top-left:0px;--awb-border-radius-top-right:0px;--awb-border-radius-bottom-right:0px;--awb-border-radius-bottom-left:0px;--awb-flex-wrap:wrap;\" ><div class=\"fusion-builder-row fusion-row fusion-flex-align-items-flex-start fusion-flex-content-wrap\" style=\"max-width:1248px;margin-left: calc(-4% \/ 2 );margin-right: calc(-4% \/ 2 );\"><div class=\"fusion-layout-column fusion_builder_column fusion-builder-column-5 fusion_builder_column_1_1 1_1 fusion-flex-column\" style=\"--awb-bg-size:cover;--awb-width-large:100%;--awb-margin-top-large:0px;--awb-spacing-right-large:1.92%;--awb-margin-bottom-large:20px;--awb-spacing-left-large:1.92%;--awb-width-medium:100%;--awb-order-medium:0;--awb-spacing-right-medium:1.92%;--awb-spacing-left-medium:1.92%;--awb-width-small:100%;--awb-order-small:0;--awb-spacing-right-small:1.92%;--awb-spacing-left-small:1.92%;\"><div class=\"fusion-column-wrapper fusion-column-has-shadow fusion-flex-justify-content-flex-start fusion-content-layout-column\"><div class=\"fusion-text fusion-text-5\"><p><strong>LES VISUELS\u00a0<\/strong><\/p>\n<\/div><div class=\"accordian fusion-accordian\" style=\"--awb-border-size:1px;--awb-icon-size:16px;--awb-content-font-size:var(--awb-typography4-font-size);--awb-icon-alignment:left;--awb-hover-color:var(--awb-color2);--awb-border-color:var(--awb-color3);--awb-background-color:var(--awb-color1);--awb-divider-color:var(--awb-color3);--awb-divider-hover-color:var(--awb-color3);--awb-icon-color:var(--awb-color1);--awb-title-color:var(--awb-color8);--awb-content-color:var(--awb-color8);--awb-icon-box-color:var(--awb-color8);--awb-toggle-hover-accent-color:var(--awb-color5);--awb-title-font-family:var(--awb-typography1-font-family);--awb-title-font-weight:var(--awb-typography1-font-weight);--awb-title-font-style:var(--awb-typography1-font-style);--awb-title-font-size:24px;--awb-content-font-family:var(--awb-typography4-font-family);--awb-content-font-weight:var(--awb-typography4-font-weight);--awb-content-font-style:var(--awb-typography4-font-style);\"><div class=\"panel-group fusion-toggle-icon-boxed\" id=\"accordion-17407-2\"><div class=\"fusion-panel panel-default panel-22be3cf176b69acdd fusion-toggle-has-divider\" style=\"--awb-title-color:var(--awb-color8);--awb-content-color:var(--awb-color8);\"><div class=\"panel-heading\"><h4 class=\"panel-title toggle\" id=\"toggle_22be3cf176b69acdd\"><a aria-expanded=\"false\" aria-controls=\"22be3cf176b69acdd\" role=\"button\" data-toggle=\"collapse\" data-parent=\"#accordion-17407-2\" data-target=\"#22be3cf176b69acdd\" href=\"#22be3cf176b69acdd\"><span class=\"fusion-toggle-icon-wrapper\" aria-hidden=\"true\"><i class=\"fa-fusion-box active-icon awb-icon-minus\" aria-hidden=\"true\"><\/i><i class=\"fa-fusion-box inactive-icon awb-icon-plus\" aria-hidden=\"true\"><\/i><\/span><span class=\"fusion-toggle-heading\">Affiches<\/span><\/a><\/h4><\/div><div id=\"22be3cf176b69acdd\" class=\"panel-collapse collapse \" aria-labelledby=\"toggle_22be3cf176b69acdd\"><div class=\"panel-body toggle-content fusion-clearfix\">\n<p><img decoding=\"async\" class=\"alignnone wp-image-15784\" src=\"https:\/\/www.soralia.be\/wp-content\/uploads\/2023\/05\/Campagne_Soralia_Digital_1080x1920.png\" alt=\"\" width=\"508\" height=\"903\" srcset=\"https:\/\/www.soralia.be\/wp-content\/uploads\/2023\/05\/Campagne_Soralia_Digital_1080x1920-169x300.png 169w, https:\/\/www.soralia.be\/wp-content\/uploads\/2023\/05\/Campagne_Soralia_Digital_1080x1920-200x356.png 200w, https:\/\/www.soralia.be\/wp-content\/uploads\/2023\/05\/Campagne_Soralia_Digital_1080x1920-400x711.png 400w, https:\/\/www.soralia.be\/wp-content\/uploads\/2023\/05\/Campagne_Soralia_Digital_1080x1920-576x1024.png 576w, https:\/\/www.soralia.be\/wp-content\/uploads\/2023\/05\/Campagne_Soralia_Digital_1080x1920-600x1067.png 600w, https:\/\/www.soralia.be\/wp-content\/uploads\/2023\/05\/Campagne_Soralia_Digital_1080x1920-768x1365.png 768w, https:\/\/www.soralia.be\/wp-content\/uploads\/2023\/05\/Campagne_Soralia_Digital_1080x1920-800x1422.png 800w, https:\/\/www.soralia.be\/wp-content\/uploads\/2023\/05\/Campagne_Soralia_Digital_1080x1920-864x1536.png 864w, https:\/\/www.soralia.be\/wp-content\/uploads\/2023\/05\/Campagne_Soralia_Digital_1080x1920.png 1080w\" sizes=\"(max-width: 508px) 100vw, 508px\" \/>\u00a0 <img decoding=\"async\" class=\"alignnone wp-image-15787\" src=\"https:\/\/www.soralia.be\/wp-content\/uploads\/2023\/05\/Campagne_Soralia_Digital_1080x19202.png\" alt=\"\" width=\"507\" height=\"901\" srcset=\"https:\/\/www.soralia.be\/wp-content\/uploads\/2023\/05\/Campagne_Soralia_Digital_1080x19202-169x300.png 169w, https:\/\/www.soralia.be\/wp-content\/uploads\/2023\/05\/Campagne_Soralia_Digital_1080x19202-200x356.png 200w, https:\/\/www.soralia.be\/wp-content\/uploads\/2023\/05\/Campagne_Soralia_Digital_1080x19202-400x711.png 400w, https:\/\/www.soralia.be\/wp-content\/uploads\/2023\/05\/Campagne_Soralia_Digital_1080x19202-576x1024.png 576w, https:\/\/www.soralia.be\/wp-content\/uploads\/2023\/05\/Campagne_Soralia_Digital_1080x19202-600x1067.png 600w, https:\/\/www.soralia.be\/wp-content\/uploads\/2023\/05\/Campagne_Soralia_Digital_1080x19202-768x1365.png 768w, https:\/\/www.soralia.be\/wp-content\/uploads\/2023\/05\/Campagne_Soralia_Digital_1080x19202-800x1422.png 800w, https:\/\/www.soralia.be\/wp-content\/uploads\/2023\/05\/Campagne_Soralia_Digital_1080x19202-864x1536.png 864w, https:\/\/www.soralia.be\/wp-content\/uploads\/2023\/05\/Campagne_Soralia_Digital_1080x19202.png 1080w\" sizes=\"(max-width: 507px) 100vw, 507px\" \/><\/p>\n<p><img decoding=\"async\" class=\"alignnone wp-image-15793\" src=\"https:\/\/www.soralia.be\/wp-content\/uploads\/2023\/05\/Campagne_Soralia_Digital_1080x19203.png\" alt=\"\" width=\"508\" height=\"903\" srcset=\"https:\/\/www.soralia.be\/wp-content\/uploads\/2023\/05\/Campagne_Soralia_Digital_1080x19203-169x300.png 169w, https:\/\/www.soralia.be\/wp-content\/uploads\/2023\/05\/Campagne_Soralia_Digital_1080x19203-200x356.png 200w, https:\/\/www.soralia.be\/wp-content\/uploads\/2023\/05\/Campagne_Soralia_Digital_1080x19203-400x711.png 400w, https:\/\/www.soralia.be\/wp-content\/uploads\/2023\/05\/Campagne_Soralia_Digital_1080x19203-576x1024.png 576w, https:\/\/www.soralia.be\/wp-content\/uploads\/2023\/05\/Campagne_Soralia_Digital_1080x19203-600x1067.png 600w, https:\/\/www.soralia.be\/wp-content\/uploads\/2023\/05\/Campagne_Soralia_Digital_1080x19203-768x1365.png 768w, https:\/\/www.soralia.be\/wp-content\/uploads\/2023\/05\/Campagne_Soralia_Digital_1080x19203-800x1422.png 800w, https:\/\/www.soralia.be\/wp-content\/uploads\/2023\/05\/Campagne_Soralia_Digital_1080x19203-864x1536.png 864w, https:\/\/www.soralia.be\/wp-content\/uploads\/2023\/05\/Campagne_Soralia_Digital_1080x19203.png 1080w\" sizes=\"(max-width: 508px) 100vw, 508px\" \/>\u00a0 <img decoding=\"async\" class=\"alignnone wp-image-15796\" src=\"https:\/\/www.soralia.be\/wp-content\/uploads\/2023\/05\/Campagne_Soralia_Digital_1080x19204.png\" alt=\"\" width=\"508\" height=\"903\" srcset=\"https:\/\/www.soralia.be\/wp-content\/uploads\/2023\/05\/Campagne_Soralia_Digital_1080x19204-169x300.png 169w, https:\/\/www.soralia.be\/wp-content\/uploads\/2023\/05\/Campagne_Soralia_Digital_1080x19204-200x356.png 200w, https:\/\/www.soralia.be\/wp-content\/uploads\/2023\/05\/Campagne_Soralia_Digital_1080x19204-400x711.png 400w, https:\/\/www.soralia.be\/wp-content\/uploads\/2023\/05\/Campagne_Soralia_Digital_1080x19204-576x1024.png 576w, https:\/\/www.soralia.be\/wp-content\/uploads\/2023\/05\/Campagne_Soralia_Digital_1080x19204-600x1067.png 600w, https:\/\/www.soralia.be\/wp-content\/uploads\/2023\/05\/Campagne_Soralia_Digital_1080x19204-768x1365.png 768w, https:\/\/www.soralia.be\/wp-content\/uploads\/2023\/05\/Campagne_Soralia_Digital_1080x19204-800x1422.png 800w, https:\/\/www.soralia.be\/wp-content\/uploads\/2023\/05\/Campagne_Soralia_Digital_1080x19204-864x1536.png 864w, https:\/\/www.soralia.be\/wp-content\/uploads\/2023\/05\/Campagne_Soralia_Digital_1080x19204.png 1080w\" sizes=\"(max-width: 508px) 100vw, 508px\" \/><\/p>\n<\/div><\/div><\/div><div class=\"fusion-panel panel-default panel-9089beaaf0774cbb2 fusion-toggle-has-divider\" style=\"--awb-title-color:var(--awb-color8);--awb-content-color:var(--awb-color8);\"><div class=\"panel-heading\"><h4 class=\"panel-title toggle\" id=\"toggle_9089beaaf0774cbb2\"><a aria-expanded=\"false\" aria-controls=\"9089beaaf0774cbb2\" role=\"button\" data-toggle=\"collapse\" data-parent=\"#accordion-17407-2\" data-target=\"#9089beaaf0774cbb2\" href=\"#9089beaaf0774cbb2\"><span class=\"fusion-toggle-icon-wrapper\" aria-hidden=\"true\"><i class=\"fa-fusion-box active-icon awb-icon-minus\" aria-hidden=\"true\"><\/i><i class=\"fa-fusion-box inactive-icon awb-icon-plus\" aria-hidden=\"true\"><\/i><\/span><span class=\"fusion-toggle-heading\">Cartes postales<\/span><\/a><\/h4><\/div><div id=\"9089beaaf0774cbb2\" class=\"panel-collapse collapse \" aria-labelledby=\"toggle_9089beaaf0774cbb2\"><div class=\"panel-body toggle-content fusion-clearfix\">\n<p><a href=\"https:\/\/www.soralia.be\/wp-content\/uploads\/2024\/06\/Camapgne2023-cartes-postales.pdf\">Camapgne2023-cartes-postales<\/a><\/p>\n<\/div><\/div><\/div><\/div><\/div><\/div><\/div><\/div><\/div><\/p>\n","protected":false},"excerpt":{"rendered":"","protected":false},"author":4,"featured_media":0,"parent":10472,"menu_order":0,"comment_status":"closed","ping_status":"closed","template":"100-width.php","meta":{"footnotes":""},"class_list":["post-17407","page","type-page","status-publish","hentry"],"_links":{"self":[{"href":"https:\/\/www.soralia.be\/accueil\/wp-json\/wp\/v2\/pages\/17407","targetHints":{"allow":["GET"]}}],"collection":[{"href":"https:\/\/www.soralia.be\/accueil\/wp-json\/wp\/v2\/pages"}],"about":[{"href":"https:\/\/www.soralia.be\/accueil\/wp-json\/wp\/v2\/types\/page"}],"author":[{"embeddable":true,"href":"https:\/\/www.soralia.be\/accueil\/wp-json\/wp\/v2\/users\/4"}],"replies":[{"embeddable":true,"href":"https:\/\/www.soralia.be\/accueil\/wp-json\/wp\/v2\/comments?post=17407"}],"version-history":[{"count":8,"href":"https:\/\/www.soralia.be\/accueil\/wp-json\/wp\/v2\/pages\/17407\/revisions"}],"predecessor-version":[{"id":18288,"href":"https:\/\/www.soralia.be\/accueil\/wp-json\/wp\/v2\/pages\/17407\/revisions\/18288"}],"up":[{"embeddable":true,"href":"https:\/\/www.soralia.be\/accueil\/wp-json\/wp\/v2\/pages\/10472"}],"wp:attachment":[{"href":"https:\/\/www.soralia.be\/accueil\/wp-json\/wp\/v2\/media?parent=17407"}],"curies":[{"name":"wp","href":"https:\/\/api.w.org\/{rel}","templated":true}]}}