{"id":21998,"date":"2025-09-11T15:00:12","date_gmt":"2025-09-11T13:00:12","guid":{"rendered":"https:\/\/www.soralia.be\/accueil\/?page_id=21998"},"modified":"2025-09-11T15:20:29","modified_gmt":"2025-09-11T13:20:29","slug":"campagne-2025-trouver-une-creche-mission-impossible","status":"publish","type":"page","link":"https:\/\/www.soralia.be\/accueil\/campagne-2025-trouver-une-creche-mission-impossible\/","title":{"rendered":"Campagne 2025 &#8211; Trouver une cr\u00e8che, mission impossible ?"},"content":{"rendered":"<div class=\"fusion-fullwidth fullwidth-box fusion-builder-row-1 fusion-flex-container nonhundred-percent-fullwidth non-hundred-percent-height-scrolling\" style=\"--awb-border-radius-top-left:0px;--awb-border-radius-top-right:0px;--awb-border-radius-bottom-right:0px;--awb-border-radius-bottom-left:0px;--awb-flex-wrap:wrap;\" ><div class=\"fusion-builder-row fusion-row fusion-flex-align-items-flex-start fusion-flex-content-wrap\" style=\"max-width:1248px;margin-left: calc(-4% \/ 2 );margin-right: calc(-4% \/ 2 );\"><div class=\"fusion-layout-column fusion_builder_column fusion-builder-column-0 fusion_builder_column_1_1 1_1 fusion-flex-column\" style=\"--awb-bg-size:cover;--awb-width-large:100%;--awb-margin-top-large:0px;--awb-spacing-right-large:1.92%;--awb-margin-bottom-large:0px;--awb-spacing-left-large:1.92%;--awb-width-medium:100%;--awb-spacing-right-medium:1.92%;--awb-spacing-left-medium:1.92%;--awb-width-small:100%;--awb-spacing-right-small:1.92%;--awb-spacing-left-small:1.92%;\"><div class=\"fusion-column-wrapper fusion-flex-justify-content-flex-start fusion-content-layout-column\"><div class=\"fusion-text fusion-text-1\"><p><strong><img decoding=\"async\" class=\"alignnone wp-image-22211\" src=\"https:\/\/www.soralia.be\/wp-content\/uploads\/2025\/09\/Couv-e1757063062223.jpg\" alt=\"\" width=\"515\" height=\"668\" \/><\/strong><\/p>\n<h4><em><strong>\u00ab<\/strong><strong>\u2009<\/strong><strong>Je pense qu\u2019on ignore ce qu\u2019est la charge mentale avant de devenir parent.<br \/>\n<\/strong><\/em><em><strong>C\u2019est juste inimaginable tout ce \u00e0 quoi il faut penser et g\u00e9rer. <\/strong><strong>On est plong\u00e9 dans un monde inconnu<\/strong><strong>\u2009<\/strong><strong>\u00bb.<\/strong><\/em><\/h4>\n<p>Dans les milieux d\u2019accueil de la petite enfance en F\u00e9d\u00e9ration Wallonie-Bruxelles, <strong>il n\u2019y a en moyenne que 3 places disponibles pour 10 enfants !<\/strong> Face \u00e0 cette insuffisance, les familles sont les premi\u00e8res \u00e0 \u00eatre p\u00e9nalis\u00e9es. Entre r\u00e8gne de la d\u00e9brouille, mise en p\u00e9ril de leur situation professionnelle, gal\u00e8re administrative, le parcours de jeunes parents pour trouver une place est sem\u00e9 d\u2019embuches. Cette situation g\u00e9n\u00e8re d\u2019inqui\u00e9tants probl\u00e8mes de sant\u00e9 tels que le stress, des sympt\u00f4mes associ\u00e9s \u00e0 l\u2019anxi\u00e9t\u00e9 ou encore des risques de d\u00e9pression post-partum.<\/p>\n<p>Les femmes, qui g\u00e8rent souvent en grande partie cette charge mentale et administrative, sont particuli\u00e8rement concern\u00e9es.<\/p>\n<p><strong>\u00c0 travers notre nouvelle campagne de sensibilisation, nous souhaitons tirer la sonnette d\u2019alarme et d\u00e9fendre plus que jamais des politiques familiales inclusives.<\/strong><\/p>\n<\/div><div class=\"fusion-text fusion-text-2\"><h4><\/h4>\n<h4><strong><em><img decoding=\"async\" class=\"alignnone wp-image-22280\" src=\"https:\/\/www.soralia.be\/wp-content\/uploads\/2025\/09\/6_et_7-e1757576334159.jpg\" alt=\"\" width=\"382\" height=\"399\" srcset=\"https:\/\/www.soralia.be\/wp-content\/uploads\/2025\/09\/6_et_7-e1757576334159-200x209.jpg 200w, https:\/\/www.soralia.be\/wp-content\/uploads\/2025\/09\/6_et_7-e1757576334159-288x300.jpg 288w, https:\/\/www.soralia.be\/wp-content\/uploads\/2025\/09\/6_et_7-e1757576334159-400x417.jpg 400w, https:\/\/www.soralia.be\/wp-content\/uploads\/2025\/09\/6_et_7-e1757576334159-500x522.jpg 500w, https:\/\/www.soralia.be\/wp-content\/uploads\/2025\/09\/6_et_7-e1757576334159-600x626.jpg 600w, https:\/\/www.soralia.be\/wp-content\/uploads\/2025\/09\/6_et_7-e1757576334159-700x730.jpg 700w, https:\/\/www.soralia.be\/wp-content\/uploads\/2025\/09\/6_et_7-e1757576334159-768x801.jpg 768w, https:\/\/www.soralia.be\/wp-content\/uploads\/2025\/09\/6_et_7-e1757576334159-800x835.jpg 800w, https:\/\/www.soralia.be\/wp-content\/uploads\/2025\/09\/6_et_7-e1757576334159-981x1024.jpg 981w, https:\/\/www.soralia.be\/wp-content\/uploads\/2025\/09\/6_et_7-e1757576334159-1200x1252.jpg 1200w, https:\/\/www.soralia.be\/wp-content\/uploads\/2025\/09\/6_et_7-e1757576334159-1472x1536.jpg 1472w, https:\/\/www.soralia.be\/wp-content\/uploads\/2025\/09\/6_et_7-e1757576334159.jpg 1633w\" sizes=\"(max-width: 382px) 100vw, 382px\" \/><\/em><\/strong><\/h4>\n<h4><strong><em>LES OUTILS DE LA CAMPAGNE<\/em><\/strong><\/h4>\n<p><strong><a href=\"https:\/\/www.soralia.be\/wp-content\/uploads\/2025\/09\/campagne2025-DP.pdf\">Le dossier de presse<\/a>\u00a0<\/strong><\/p>\n<p><a href=\"https:\/\/www.soralia.be\/wp-content\/uploads\/2025\/09\/Campagne2025-brochure.pdf\"><strong>La brochure \u00ab\u00a0Les aventures d&rsquo;Alex et Sam pour obtenir une place d&rsquo;accueil\u00a0\u00bb<\/strong><\/a><\/p>\n<p><strong>Pour aller plus loin :<\/strong><\/p>\n<p><a href=\"https:\/\/www.soralia.be\/accueil\/analyse-2024-manque-de-places-en-milieux-daccueil-sos-de-parents-en-stress\/\">Analyse\u00a02024 <\/a>\u2014 Manque de places en milieux d\u2019accueil\u00a0: SOS de parents en stress<\/p>\n<p><a href=\"https:\/\/www.youtube.com\/watch?v=ZzHUEiTYiMo\">Podcast\u00a02023<\/a> \u2013 L\u2019\u00e9galit\u00e9, c\u2019est pas gagn\u00e9\u2009! \u00c9pisode\u00a03\u00a0: la charge mentale<\/p>\n<p><a href=\"https:\/\/www.soralia.be\/accueil\/outil-pedagogique-familial-pursuit\/\">Outil p\u00e9dagogique\u00a02021<\/a> \u2014 Familial Pursuit, un jeu de plateau avec des cartes, pour d\u00e9couvrir les droits des familles<\/p>\n<p><a href=\"https:\/\/www.soralia.be\/accueil\/etude-2020-politiques-familiales-egalite-femmes-hommes-font-elles-bon-menage\/\">\u00c9tude\u00a02020<\/a> \u2014 Politiques familiales et \u00e9galit\u00e9 femmes-hommes font-elles bon m\u00e9nage\u2009?<\/p>\n<p><a href=\"https:\/\/www.soralia.be\/accueil\/analyse-2020-donner-naissance-et-apres-les-enjeux-du-tabou-autour-de-la-periode-du-post-partum\/\">Analyse\u00a02020<\/a> \u2014 Donner naissance, et apr\u00e8s\u2009? Les enjeux du tabou autour de la p\u00e9riode du post-partum<\/p>\n<\/div><div class=\"fusion-text fusion-text-3\"><p>Avec le soutien de :<\/p>\n<p><img decoding=\"async\" class=\"alignnone wp-image-19930\" src=\"https:\/\/www.soralia.be\/wp-content\/uploads\/2024\/09\/solidaris-logo.jpeg\" alt=\"\" width=\"138\" height=\"55\" srcset=\"https:\/\/www.soralia.be\/wp-content\/uploads\/2024\/09\/solidaris-logo-200x80.jpeg 200w, https:\/\/www.soralia.be\/wp-content\/uploads\/2024\/09\/solidaris-logo-300x120.jpeg 300w, https:\/\/www.soralia.be\/wp-content\/uploads\/2024\/09\/solidaris-logo.jpeg 355w\" sizes=\"(max-width: 138px) 100vw, 138px\" \/>\u00a0 \u00a0 \u00a0<img decoding=\"async\" class=\"alignnone wp-image-19904\" src=\"https:\/\/www.soralia.be\/wp-content\/uploads\/2024\/09\/PV-e1726572731169.jpg\" alt=\"\" width=\"83\" height=\"58\" \/>\u00a0 \u00a0 \u00a0<img decoding=\"async\" class=\"alignnone wp-image-17070\" src=\"https:\/\/www.soralia.be\/wp-content\/uploads\/2024\/01\/logo-fwb.png\" alt=\"\" width=\"66\" height=\"64\" \/><\/p>\n<\/div><\/div><\/div><\/div><\/div>\n","protected":false},"excerpt":{"rendered":"","protected":false},"author":4,"featured_media":0,"parent":0,"menu_order":0,"comment_status":"closed","ping_status":"closed","template":"100-width.php","meta":{"footnotes":""},"class_list":["post-21998","page","type-page","status-publish","hentry"],"_links":{"self":[{"href":"https:\/\/www.soralia.be\/accueil\/wp-json\/wp\/v2\/pages\/21998","targetHints":{"allow":["GET"]}}],"collection":[{"href":"https:\/\/www.soralia.be\/accueil\/wp-json\/wp\/v2\/pages"}],"about":[{"href":"https:\/\/www.soralia.be\/accueil\/wp-json\/wp\/v2\/types\/page"}],"author":[{"embeddable":true,"href":"https:\/\/www.soralia.be\/accueil\/wp-json\/wp\/v2\/users\/4"}],"replies":[{"embeddable":true,"href":"https:\/\/www.soralia.be\/accueil\/wp-json\/wp\/v2\/comments?post=21998"}],"version-history":[{"count":9,"href":"https:\/\/www.soralia.be\/accueil\/wp-json\/wp\/v2\/pages\/21998\/revisions"}],"predecessor-version":[{"id":22282,"href":"https:\/\/www.soralia.be\/accueil\/wp-json\/wp\/v2\/pages\/21998\/revisions\/22282"}],"wp:attachment":[{"href":"https:\/\/www.soralia.be\/accueil\/wp-json\/wp\/v2\/media?parent=21998"}],"curies":[{"name":"wp","href":"https:\/\/api.w.org\/{rel}","templated":true}]}}