{"id":2218,"date":"2017-02-08T14:25:57","date_gmt":"2017-02-08T13:25:57","guid":{"rendered":"http:\/\/www.soralia.be\/?page_id=2218"},"modified":"2023-06-22T10:57:25","modified_gmt":"2023-06-22T08:57:25","slug":"reseau-associatif-solidaris","status":"publish","type":"page","link":"https:\/\/www.soralia.be\/accueil\/qui-sommes-nous\/reseau-associatif-solidaris\/","title":{"rendered":"R\u00e9seau associatif Solidaris"},"content":{"rendered":"<div class=\"fusion-fullwidth fullwidth-box fusion-builder-row-1 fusion-flex-container nonhundred-percent-fullwidth non-hundred-percent-height-scrolling\" style=\"--awb-border-radius-top-left:0px;--awb-border-radius-top-right:0px;--awb-border-radius-bottom-right:0px;--awb-border-radius-bottom-left:0px;--awb-flex-wrap:wrap;\" ><div class=\"fusion-builder-row fusion-row fusion-flex-align-items-flex-start fusion-flex-content-wrap\" style=\"max-width:1248px;margin-left: calc(-4% \/ 2 );margin-right: calc(-4% \/ 2 );\"><div class=\"fusion-layout-column fusion_builder_column fusion-builder-column-0 fusion_builder_column_1_1 1_1 fusion-flex-column\" style=\"--awb-bg-size:cover;--awb-width-large:100%;--awb-margin-top-large:0px;--awb-spacing-right-large:1.92%;--awb-margin-bottom-large:0px;--awb-spacing-left-large:1.92%;--awb-width-medium:100%;--awb-spacing-right-medium:1.92%;--awb-spacing-left-medium:1.92%;--awb-width-small:100%;--awb-spacing-right-small:1.92%;--awb-spacing-left-small:1.92%;\"><div class=\"fusion-column-wrapper fusion-flex-justify-content-flex-start fusion-content-layout-column\"><div class=\"fusion-text fusion-text-1\"><p style=\"text-align: justify;\">Soralia fait partie du r\u00e9seau associatif de la mutualit\u00e9 de sant\u00e9 <span style=\"color: #3366ff;\"><strong><a style=\"color: #3366ff;\" href=\"http:\/\/www.solidaris.be\">Solidaris Wallonie<\/a><\/strong><\/span>.<br \/>\nRetrouvez toutes les associations et leurs services sp\u00e9cifiques pour r\u00e9pondre \u00e0 vos demandes :<\/p>\n<p style=\"text-align: justify;\"><strong>Sof\u00e9lia<br \/>\n<\/strong>La f\u00e9d\u00e9ration militante des Centres de Planning familial solidaires a \u00e9t\u00e9 fond\u00e9e en 1984 afin de cr\u00e9er un contrepouvoir et une repr\u00e9sentation sp\u00e9cifique et la\u00efque dans le domaine de la contraception, de la parent\u00e9 responsable, de l\u2019interruption volontaire de grossesse (IVG) et des relations affectives et sexuelles \u00e9galitaires.<br \/>\n<a href=\"http:\/\/www.sofelia.be\"><span style=\"color: #3366ff;\"><strong>www.sofelia.be<\/strong><\/span><\/a><\/p>\n<p style=\"text-align: justify;\"><strong>Latitude jeunes<\/strong><br \/>\nAccueils extrascolaires, s\u00e9jours de vacances, plaines, ateliers, stages, animations scolaires, formation d\u2019animatrices.teurs-coordinatrices.teurs, informations utiles\u2026 L\u2019Organisation de Jeunesse <span class=\"ms-rteStyle-Bold\">\u00ab Latitude Jeunes \u00bb<\/span>\u00a0 propose une foules d\u2019activit\u00e9s et d\u2019infos pour les enfants et les jeunes <span class=\"ms-rteStyle-Bold\">de 3 \u00e0 26 ans.<\/span><br \/>\n<span style=\"color: #3366ff;\"><strong><a style=\"color: #3366ff;\" href=\"http:\/\/www.latitudejeunes.be\/Pages\/default.aspx\">www.latitudejeunes.be<\/a><\/strong><\/span><span style=\"color: #3366ff;\"><strong><a style=\"color: #3366ff;\" href=\"http:\/\/www.latitudejeunes.be\/Pages\/default.aspx\"><br \/>\n<\/a><\/strong><\/span><span style=\"color: #3366ff;\"><strong><a style=\"color: #3366ff;\" href=\"http:\/\/www.ifeelgood.be\">www.ifeelgood.be<\/a><\/strong><\/span><\/p>\n<p style=\"text-align: justify;\"><strong>Esenca<\/strong><br \/>\nLe syndicat des personnes en situation de handicap, de maladie grave, chronique et invalidante qui agit concr\u00e8tement pour faire valoir les droits de ces personnes.<br \/>\n<span style=\"color: #3366ff;\"><strong><a style=\"color: #3366ff;\" href=\"http:\/\/http\/\/www.esenca.be\">www.esenca.be<\/a><\/strong><\/span><\/p>\n<p style=\"text-align: justify;\"><strong>Liages<\/strong><br \/>\nL\u2019association pour seniors de la Mutualit\u00e9 Solidaris.<br \/>\n<span style=\"color: #3366ff;\"><strong><a style=\"color: #3366ff;\" href=\"http:\/\/www.espace-seniors.be\">www.liages.be<\/a><\/strong><\/span><\/p>\n<p style=\"text-align: justify;\"><strong>F\u00e9d\u00e9ration des CSD<br \/>\n<\/strong>La f\u00e9d\u00e9ration apporte de l&rsquo;aide et des soins qui permettent \u00e0 toute personne qui le souhaite de rester chez elle malgr\u00e9 une autonomie\u00a0r\u00e9duite par l\u2019\u00e2ge, la maladie, un accident, un handicap.<strong><br \/>\n<span style=\"color: #3366ff;\"><a style=\"color: #3366ff;\" href=\"http:\/\/www.fcsd.be\">www.fcsd.be<\/a><\/span><br \/>\n<\/strong><\/p>\n<p style=\"text-align: justify;\"><strong>Un pass dans l&rsquo;impasse<\/strong><br \/>\nCe centre a pour mission de faciliter une prise en charge rapide, efficiente et gratuite des personnes suicidaires et l\u2019accompagnement de leur entourage.<br \/>\n<span style=\"color: #3366ff;\"><strong><a style=\"color: #3366ff;\" href=\"http:\/\/lesuicide.be\">http:\/\/lesuicide.be<\/a><\/strong><\/span><\/p>\n<\/div><\/div><\/div><\/div><\/div>\n","protected":false},"excerpt":{"rendered":"","protected":false},"author":4,"featured_media":0,"parent":10,"menu_order":0,"comment_status":"closed","ping_status":"closed","template":"","meta":{"footnotes":""},"class_list":["post-2218","page","type-page","status-publish","hentry"],"_links":{"self":[{"href":"https:\/\/www.soralia.be\/accueil\/wp-json\/wp\/v2\/pages\/2218","targetHints":{"allow":["GET"]}}],"collection":[{"href":"https:\/\/www.soralia.be\/accueil\/wp-json\/wp\/v2\/pages"}],"about":[{"href":"https:\/\/www.soralia.be\/accueil\/wp-json\/wp\/v2\/types\/page"}],"author":[{"embeddable":true,"href":"https:\/\/www.soralia.be\/accueil\/wp-json\/wp\/v2\/users\/4"}],"replies":[{"embeddable":true,"href":"https:\/\/www.soralia.be\/accueil\/wp-json\/wp\/v2\/comments?post=2218"}],"version-history":[{"count":9,"href":"https:\/\/www.soralia.be\/accueil\/wp-json\/wp\/v2\/pages\/2218\/revisions"}],"predecessor-version":[{"id":15976,"href":"https:\/\/www.soralia.be\/accueil\/wp-json\/wp\/v2\/pages\/2218\/revisions\/15976"}],"up":[{"embeddable":true,"href":"https:\/\/www.soralia.be\/accueil\/wp-json\/wp\/v2\/pages\/10"}],"wp:attachment":[{"href":"https:\/\/www.soralia.be\/accueil\/wp-json\/wp\/v2\/media?parent=2218"}],"curies":[{"name":"wp","href":"https:\/\/api.w.org\/{rel}","templated":true}]}}