{"id":3126,"date":"2017-04-11T10:04:48","date_gmt":"2017-04-11T08:04:48","guid":{"rendered":"http:\/\/www.soralia.be\/?page_id=3126"},"modified":"2023-06-22T16:04:35","modified_gmt":"2023-06-22T14:04:35","slug":"une-place-daccueil-pour-chaque-enfant-cest-un-droit-campagne-2012","status":"publish","type":"page","link":"https:\/\/www.soralia.be\/accueil\/archives\/une-place-daccueil-pour-chaque-enfant-cest-un-droit-campagne-2012\/","title":{"rendered":"Une place d&rsquo;accueil pour chaque enfant, c&rsquo;est un droit ! &#8211; Campagne 2012"},"content":{"rendered":"<h2><img decoding=\"async\" class=\"wp-image-3128 alignleft\" src=\"http:\/\/www.soralia.be\/wp-content\/uploads\/2017\/04\/campagne-accueil-affiche.jpg\" alt=\"\" width=\"250\" height=\"389\" \/><\/h2>\n<h2><\/h2>\n<h2>Ce que nous voulons : un accueil des enfants suffisant, de qualit\u00e9 et financi\u00e8rement accessible<\/h2>\n<p style=\"text-align: left;\">Cette revendication n\u2019est pas nouvelle, tant pour Soralia que pour la FGTB wallonne. Mais nous devons nous rendre \u00e0 l\u2019\u00e9vidence : trouver une place en cr\u00e8che ou une solution pour faire garder nos enfants apr\u00e8s l\u2019\u00e9cole reste, encore et toujours, un combat pour les parents. Une politique d\u2019accueil de l\u2019enfance, ambitieuse et tenant compte du quotidien des papas et des mamans, constitue un v\u00e9ritable projet de soci\u00e9t\u00e9:<\/p>\n<p>&nbsp;<\/p>\n<p>&nbsp;<\/p>\n<p>&nbsp;<\/p>\n<p>&nbsp;<\/p>\n<p>&nbsp;<\/p>\n<ul>\n<li>L\u2019accueil des enfants, <strong>c\u2019est un \u00ab outil \u00bb d\u2019\u00e9galit\u00e9 des chances pour tous les enfants<\/strong>, pour l\u2019\u00e9panouissement des plus petits et pour leur ouverture au monde et aux autres.<\/li>\n<li>L\u2019accueil des enfants, <strong>c\u2019est aussi une solution pour mieux articuler les vies, professionnelle et priv\u00e9e<\/strong>, des parents.<\/li>\n<li>L\u2019accueil des enfants, <strong>c\u2019est la possibilit\u00e9 pour les femmes d\u2019acc\u00e9der ou de rester sur le march\u00e9 du travail<\/strong> et donc de faire avancer notre combat pour l\u2019\u00e9galit\u00e9 entre les femmes et les hommes.<\/li>\n<\/ul>\n<p><span style=\"color: #3366ff;\"><strong>Outils de campagne<\/strong> <\/span><br \/>\nBrochure :\u00a0<a href=\"http:\/\/www.soralia.be\/wp-content\/uploads\/2017\/04\/camapgne-accueil-brochure.pdf\">camapgne-accueil-brochure<br \/>\n<\/a>Affiche :\u00a0<a href=\"http:\/\/www.soralia.be\/wp-content\/uploads\/2017\/04\/campagne-accueil-affiche.pdf\">campagne-accueil-affiche<\/a><\/p>\n<p><em>Cette campagne a \u00e9t\u00e9 r\u00e9alis\u00e9 en partenariat avec la FGTB wallonne<\/em><\/p>\n<p><img decoding=\"async\" class=\"alignnone size-full wp-image-3131\" src=\"http:\/\/www.soralia.be\/wp-content\/uploads\/2017\/04\/Logo-FGTB-wallonne.gif\" alt=\"\" width=\"150\" height=\"73\" \/><\/p>\n","protected":false},"excerpt":{"rendered":"<p>Ce que nous voulons : un accueil des enfants suffisant, de qualit\u00e9 et financi\u00e8rement accessible Cette revendication n\u2019est pas nouvelle, tant pour Soralia que pour la FGTB wallonne. Mais nous devons nous rendre \u00e0 l\u2019\u00e9vidence : trouver une place en cr\u00e8che ou une solution pour faire garder nos enfants apr\u00e8s  [&#8230;]<\/p>\n","protected":false},"author":4,"featured_media":0,"parent":10472,"menu_order":11,"comment_status":"closed","ping_status":"closed","template":"","meta":{"footnotes":""},"class_list":["post-3126","page","type-page","status-publish","hentry"],"_links":{"self":[{"href":"https:\/\/www.soralia.be\/accueil\/wp-json\/wp\/v2\/pages\/3126","targetHints":{"allow":["GET"]}}],"collection":[{"href":"https:\/\/www.soralia.be\/accueil\/wp-json\/wp\/v2\/pages"}],"about":[{"href":"https:\/\/www.soralia.be\/accueil\/wp-json\/wp\/v2\/types\/page"}],"author":[{"embeddable":true,"href":"https:\/\/www.soralia.be\/accueil\/wp-json\/wp\/v2\/users\/4"}],"replies":[{"embeddable":true,"href":"https:\/\/www.soralia.be\/accueil\/wp-json\/wp\/v2\/comments?post=3126"}],"version-history":[{"count":10,"href":"https:\/\/www.soralia.be\/accueil\/wp-json\/wp\/v2\/pages\/3126\/revisions"}],"predecessor-version":[{"id":3141,"href":"https:\/\/www.soralia.be\/accueil\/wp-json\/wp\/v2\/pages\/3126\/revisions\/3141"}],"up":[{"embeddable":true,"href":"https:\/\/www.soralia.be\/accueil\/wp-json\/wp\/v2\/pages\/10472"}],"wp:attachment":[{"href":"https:\/\/www.soralia.be\/accueil\/wp-json\/wp\/v2\/media?parent=3126"}],"curies":[{"name":"wp","href":"https:\/\/api.w.org\/{rel}","templated":true}]}}