{"id":3142,"date":"2017-04-11T10:51:46","date_gmt":"2017-04-11T08:51:46","guid":{"rendered":"http:\/\/www.soralia.be\/?page_id=3142"},"modified":"2023-06-22T16:04:58","modified_gmt":"2023-06-22T14:04:58","slug":"votez-sans-prejuges-campagne-2012","status":"publish","type":"page","link":"https:\/\/www.soralia.be\/accueil\/archives\/votez-sans-prejuges-campagne-2012\/","title":{"rendered":"Votez sans pr\u00e9jug\u00e9s ! &#8211; Campagne 2012"},"content":{"rendered":"<h2><img decoding=\"async\" class=\"wp-image-3143 size-full alignleft\" src=\"http:\/\/www.soralia.be\/wp-content\/uploads\/2017\/04\/campagne-parite-affiche.jpg\" alt=\"\" width=\"247\" height=\"350\" srcset=\"https:\/\/www.soralia.be\/wp-content\/uploads\/2017\/04\/campagne-parite-affiche-200x283.jpg 200w, https:\/\/www.soralia.be\/wp-content\/uploads\/2017\/04\/campagne-parite-affiche-212x300.jpg 212w, https:\/\/www.soralia.be\/wp-content\/uploads\/2017\/04\/campagne-parite-affiche.jpg 247w\" sizes=\"(max-width: 247px) 100vw, 247px\" \/>Elections communales 2012<\/h2>\n<p><em>\u00ab M\u00eame si on le voulait, on ne trouverait pas de femmes qui souhaitent prendre part activement \u00e0 la vie politique \u00bb<\/em><\/p>\n<p style=\"text-align: justify;\">Les pr\u00e9jug\u00e9s ont la peau dure\u2026 Ils laissent penser que les in\u00e9galit\u00e9s sont ce qu\u2019elles sont parce qu\u2019on n\u2019y peut rien\u2026c\u2019est la nature&#8230; l\u2019ordre des choses. Mais qu\u2019est-ce qu\u2019un pr\u00e9jug\u00e9 ? Pourquoi vouloir absolument la parit\u00e9 ? C\u2019est quoi la parit\u00e9 ? Une femme peut-elle devenir bourgmestre ? Les hommes sont-ils plus dou\u00e9s en politique ? Les femmes font-elles de la politique \u00ab\u00a0autrement\u00a0\u00bb.<\/p>\n<p style=\"text-align: justify;\">Soralia vous invitent \u00e0 la r\u00e9flexion sur la mani\u00e8re dont nous posons nos choix politiques, pour se confronter \u00e0 nos aprioris et aux m\u00e9canismes qui font que, naturellement, nous attribuons la responsabilit\u00e9 de la chose publique aux hommes, plut\u00f4t qu\u2019aux femmes.<\/p>\n<p style=\"text-align: justify;\">Nous voulons vous sensibiliser \u00e0 l\u2019influence que votre vote peut avoir dans la construction d\u2019une soci\u00e9t\u00e9 plus \u00e9galitaire. Nous voulons d\u00e9construire les clich\u00e9s que nous avons \u00e0 propos du pouvoir politique exerc\u00e9 par les femmes. Nous voulons informer des avanc\u00e9es rendues possibles gr\u00e2ce \u00e0 l\u2019accession des femmes aux postes \u00e0 responsabilit\u00e9.<\/p>\n<p style=\"text-align: justify;\"><span style=\"color: #3366ff;\"><strong>Outil de campagne\u00a0<\/strong><\/span><br \/>\nBande-dessin\u00e9e qui explore les principaux pr\u00e9jug\u00e9s :\u00a0<a href=\"http:\/\/www.soralia.be\/wp-content\/uploads\/2017\/04\/campagne-parite-BD.pdf\">campagne-parite-BD<\/a><\/p>\n<p style=\"text-align: justify;\">\n","protected":false},"excerpt":{"rendered":"<p>Elections communales 2012 \u00ab M\u00eame si on le voulait, on ne trouverait pas de femmes qui souhaitent prendre part activement \u00e0 la vie politique \u00bb Les pr\u00e9jug\u00e9s ont la peau dure\u2026 Ils laissent penser que les in\u00e9galit\u00e9s sont ce qu\u2019elles sont parce qu\u2019on n\u2019y peut rien\u2026c\u2019est la nature&#8230; l\u2019ordre des  [&#8230;]<\/p>\n","protected":false},"author":4,"featured_media":0,"parent":10472,"menu_order":12,"comment_status":"closed","ping_status":"closed","template":"","meta":{"footnotes":""},"class_list":["post-3142","page","type-page","status-publish","hentry"],"_links":{"self":[{"href":"https:\/\/www.soralia.be\/accueil\/wp-json\/wp\/v2\/pages\/3142","targetHints":{"allow":["GET"]}}],"collection":[{"href":"https:\/\/www.soralia.be\/accueil\/wp-json\/wp\/v2\/pages"}],"about":[{"href":"https:\/\/www.soralia.be\/accueil\/wp-json\/wp\/v2\/types\/page"}],"author":[{"embeddable":true,"href":"https:\/\/www.soralia.be\/accueil\/wp-json\/wp\/v2\/users\/4"}],"replies":[{"embeddable":true,"href":"https:\/\/www.soralia.be\/accueil\/wp-json\/wp\/v2\/comments?post=3142"}],"version-history":[{"count":2,"href":"https:\/\/www.soralia.be\/accueil\/wp-json\/wp\/v2\/pages\/3142\/revisions"}],"predecessor-version":[{"id":15996,"href":"https:\/\/www.soralia.be\/accueil\/wp-json\/wp\/v2\/pages\/3142\/revisions\/15996"}],"up":[{"embeddable":true,"href":"https:\/\/www.soralia.be\/accueil\/wp-json\/wp\/v2\/pages\/10472"}],"wp:attachment":[{"href":"https:\/\/www.soralia.be\/accueil\/wp-json\/wp\/v2\/media?parent=3142"}],"curies":[{"name":"wp","href":"https:\/\/api.w.org\/{rel}","templated":true}]}}