{"id":5756,"date":"2018-07-25T10:06:36","date_gmt":"2018-07-25T08:06:36","guid":{"rendered":"http:\/\/www.soralia.be\/?page_id=5756"},"modified":"2024-05-13T13:35:38","modified_gmt":"2024-05-13T11:35:38","slug":"mentions-legales","status":"publish","type":"page","link":"https:\/\/www.soralia.be\/accueil\/mentions-legales\/","title":{"rendered":"Mentions l\u00e9gales"},"content":{"rendered":"<p><strong>Responsable du traitement<\/strong><\/p>\n<p style=\"text-align: justify;\">Conform\u00e9ment \u00e0 ses dispositions statutaires, SORALIA asbl (Place Saint-Jean, n\u00b0 1-2, \u00e0 1000 Bruxelles. N\u00b0 Entreprise 0418 827 588) a pour objet social de mener des actions et militer pour les droits des femmes : \u00e9mancipation, \u00e9galit\u00e9 des sexes, \u00e9volution des mentalit\u00e9s, nouveaux rapports sociaux, parit\u00e9s, \u2026 L\u2019association a pour but de susciter principalement aupr\u00e8s des adultes : une prise de conscience et une connaissance critique des r\u00e9alit\u00e9s de la soci\u00e9t\u00e9 ; des attitudes de responsabilit\u00e9 et de participation active \u00e0 la vie de la \u00ab cit\u00e9 \u00bb ; des capacit\u00e9s d\u2019analyse, de choix, d\u2019action et d\u2019\u00e9valuation ; notamment dans le sens du d\u00e9cret du 17 juillet 2003 portant sur le soutien \u00e0 l\u2019action associative dans le champ de l\u2019\u00e9ducation permanente. Elle a aussi pour objectif de promouvoir des actions d\u2019information, d\u2019\u00e9ducation et de pr\u00e9vention dans le domaine de la Sant\u00e9 Publique. Pour r\u00e9aliser tout ce qui pr\u00e9c\u00e8de, elle d\u00e9veloppera une action d\u2019animation socioculturelle et de formation ainsi que la promotion socioculturelle des citoyens dans le sens le plus large du terme.<\/p>\n<p style=\"text-align: justify;\">Dans le cadre de ses missions et activit\u00e9s, l\u2019asbl SORALIA peut \u00eatre amen\u00e9e \u00e0 traiter vos donn\u00e9es \u00e0 caract\u00e8re personnel.<\/p>\n<p style=\"text-align: justify;\">Conform\u00e9ment au R\u00e8glement Europ\u00e9en du 27 avril 2016 sur la Protection des Donn\u00e9es, SORALIA asbl a nomm\u00e9 un\u00b7e Data Protection Officer. Celle-ci\/celui-ci est joignable par e-mail \u00e0 l\u2019adresse suivante : <a href=\"mailto:300.privacy@solidaris.be\">300.privacy@solidaris.be<\/a> ou via courrier adress\u00e9 (Place St-Jean, 1-2, 1000 Bruxelles).<\/p>\n<p style=\"text-align: justify;\"><strong>Pourquoi vos donn\u00e9es sont-elles trait\u00e9es\u00a0? <\/strong><\/p>\n<p style=\"text-align: justify;\">Les informations collect\u00e9es par SORALIA nous aident \u00e0 mieux comprendre, soutenir nos adh\u00e9rent\u00b7e\u00b7s\/ militant\u00b7e\u00b7s et nous permettent d\u2019apporter des am\u00e9liorations continues \u00e0 notre site internet. Nous utilisons \u00e9galement ces informations \u00e0 des fins de marketing, par exemple pour vous envoyer une newsletter ou vous informer sur nos actions ou concours.<\/p>\n<p style=\"text-align: justify;\"><strong>Quelles sont les donn\u00e9es trait\u00e9es\u00a0?<\/strong><\/p>\n<p style=\"text-align: justify;\">Pour les raisons ci-dessus indiqu\u00e9es, SORALIA asbl peut traiter vos donn\u00e9es d\u2019identification : nom, pr\u00e9nom, sexe, nationalit\u00e9\u2026<\/p>\n<p style=\"text-align: justify;\"><strong>Par qui sont trait\u00e9es vos donn\u00e9es\u00a0?<\/strong><\/p>\n<p style=\"text-align: justify;\">Toutes ces donn\u00e9es sont trait\u00e9es par du personnel habilit\u00e9 et soumis contractuellement \u00e0 une obligation de secret professionnel. Des mesures de s\u00e9curit\u00e9 informatiques sont par ailleurs mises en place en vue de garantir la confidentialit\u00e9, l\u2019int\u00e9grit\u00e9 et la disponibilit\u00e9 de vos donn\u00e9es.<\/p>\n<p style=\"text-align: justify;\"><strong>A qui vos donn\u00e9es peuvent-elles \u00eatre communiqu\u00e9es\u00a0?<\/strong><\/p>\n<p style=\"text-align: justify;\">Sauf contraintes l\u00e9gales, vos donn\u00e9es ne sont pas transmises \u00e0 des tiers sans votre consentement.<br \/>\nIl est toutefois possible que nous transmettions des donn\u00e9es \u00e0 caract\u00e8re personnel \u00e0 nos sous-traitants (informatique, conseillers juridiques, pour l\u2019ex\u00e9cution de mailings..)<\/p>\n<p style=\"text-align: justify;\"><strong>Vos donn\u00e9es sont-elles transf\u00e9r\u00e9es vers des pays en dehors de l\u2019EEE\u00a0?<\/strong><\/p>\n<p style=\"text-align: justify;\">SORALIA asbl ne transmet pas d\u2019initiative de donn\u00e9e en dehors de EEE sauf si cela est :<\/p>\n<ul style=\"text-align: justify;\">\n<li>n\u00e9cessaire \u00e0 la sauvegarde de votre int\u00e9r\u00eat vital<\/li>\n<li>n\u00e9cessaire \u00e0 la conclusion ou l&rsquo;ex\u00e9cution d&rsquo;un contrat conclu ou \u00e0 conclure avec un tiers, dans votre int\u00e9r\u00eat<\/li>\n<li>si vous y avez consenti indubitablement.<\/li>\n<\/ul>\n<p style=\"text-align: justify;\"><strong>Combien de temps vos donn\u00e9es sont-elles conserv\u00e9es\u00a0?<\/strong><\/p>\n<p style=\"text-align: justify;\">Vos donn\u00e9es sont conserv\u00e9es jusqu\u2019au moment o\u00f9 vous d\u00e9cidez de les supprimer de nos fichiers. Il faut, dans ce cas, nous envoyer un mail \u00e0 l\u2019adresse suivante : <a href=\"mailto:soralia@solidaris.be\">soralia@solidaris.be<\/a> ou nous t\u00e9l\u00e9phoner au 02\/515 04 01.<\/p>\n<p style=\"text-align: justify;\"><strong>Quels sont vos droits\u00a0?<\/strong><\/p>\n<p style=\"text-align: justify;\">Conform\u00e9ment \u00e0 la l\u00e9gislation, vous avez le droit d\u2019obtenir confirmation que vos donn\u00e9es sont trait\u00e9es par SORALIA asbl et le droit d\u2019y acc\u00e9der. Pour ce faire, vous pouvez adresser une demande \u00e9crite, dat\u00e9e et sign\u00e9e \u00e0 notre Data Protection Officer par e-mail \u00e0 l\u2019adresse suivante : <a href=\"mailto:300.privacy@solidaris.be\">300.privacy@solidaris.be<\/a> ou via courrier adress\u00e9 \u00e0 l\u2019adresse postale suivante\u00a0: Place St-Jean, 1-2, 1000 Bruxelles, en y annexant une copie recto\/verso de votre carte d\u2019identit\u00e9.<\/p>\n<p style=\"text-align: justify;\">Pour autant que vos droits n\u2019entrent pas en contradiction avec les obligations l\u00e9gales auxquelles est soumis SORALIA asbl , vous avez \u00e9galement le droit, pour les donn\u00e9es qui vous concernent de :<\/p>\n<ul style=\"text-align: justify;\">\n<li>demander la rectification de toutes donn\u00e9es inexactes ou incompl\u00e8tes<\/li>\n<li>demander la suppression de toutes donn\u00e9es<\/li>\n<li>vous opposer au traitement d\u2019une donn\u00e9e<\/li>\n<li>d\u2019exercer votre droit \u00e0 l\u2019oubli num\u00e9rique (droit d\u2019effacement)<\/li>\n<li>demander la limitation de traitement de vos donn\u00e9es<\/li>\n<li>ne pas \u00eatre soumis \u00e0 une d\u00e9cision automatis\u00e9e<\/li>\n<\/ul>\n<p style=\"text-align: justify;\">En cas de d\u00e9saccord, vous avez toujours la possibilit\u00e9 de contacter l\u2019Autorit\u00e9 de Contr\u00f4le, sise rue de la Presse 35 \u00e0 1000 Bruxelles ou via le site <a href=\"http:\/\/www.privacycommission.be\">www.privacycommission.be<\/a>.<\/p>\n<p style=\"text-align: justify;\">Le site internet de SORALIA asbl recourt \u00e9galement \u00e0 l\u2019utilisation de Google Analytics.<\/p>\n<p style=\"text-align: justify;\">Google Analytics est un service d&rsquo;analyse d&rsquo;audience de site internet fourni par une soci\u00e9t\u00e9 tierce (Google). Google Analytics installe des cookies afin d&rsquo;analyser l&rsquo;utilisation du site. Google Analytics utilise des cookies pour d\u00e9finir des sessions d&rsquo;utilisateur ainsi que pour fournir un certain nombre de caract\u00e9ristiques-cl\u00e9s dans ses rapports. Google Analytics cr\u00e9e ou met \u00e0 jour des cookies uniquement pour collecter des donn\u00e9es indispensables aux rapports. Google Analytics n&rsquo;utilise en outre que des cookies d&rsquo;origine. Cela signifie que tous les cookies cr\u00e9\u00e9s par Google Analytics pour le domaine envoient des donn\u00e9es uniquement aux serveurs dudit domaine. Ces cookies Google Analytics deviennent donc la propri\u00e9t\u00e9 personnelle du domaine du site internet FAM asbl ; les donn\u00e9es ne peuvent \u00eatre modifi\u00e9es ou r\u00e9cup\u00e9r\u00e9es par aucun service sur un autre domaine.<\/p>\n<p style=\"text-align: justify;\">Les informations g\u00e9n\u00e9r\u00e9es par ces cookies concernant l\u2019utilisation du site internet SORALIA asbl ainsi que l\u2019adresse IP actuelle seront transmises par le navigateur internet \u00e0 Google qui les enregistrera sur des serveurs aux \u00c9tats-Unis et dans d&rsquo;autres pays. Google utilisera ces informations pour compte de SORALIA asbl afin d&rsquo;\u00e9valuer l\u2019utilisation de ce site internet, d&rsquo;\u00e9laborer des rapports sur l&rsquo;activit\u00e9 du site internet et de fournir d&rsquo;autres services en rapport avec l&rsquo;activit\u00e9 du site internet et Internet. L&rsquo;adresse IP collect\u00e9e via Google Analytics ne sera associ\u00e9e \u00e0 aucune autre donn\u00e9e conserv\u00e9e par Google. L\u2019utilisateur peut d\u00e9cider de d\u00e9sactiver ou de bloquer les cookies de Google en s\u00e9lectionnant les param\u00e8tres appropri\u00e9s dans son navigateur. Dans ce cas, il se peut que l\u2019utilisateur ne puisse plus utiliser l&rsquo;int\u00e9gralit\u00e9 des fonctions du site FAM asbl. L\u2019utilisateur peut t\u00e9l\u00e9charger et installer le module compl\u00e9mentaire de navigateur pour la d\u00e9sactivation de Google Analytics disponible sur le site de Google. Le site utilise Google Analytics avec la fonction anonymizeIp. L\u2019adresse IP de l\u2019utilisateur est par ailleurs tronqu\u00e9e au dernier octet avant son stockage afin d&rsquo;\u00e9viter toute identification.<\/p>\n","protected":false},"excerpt":{"rendered":"<p>Responsable du traitement Conform\u00e9ment \u00e0 ses dispositions statutaires, SORALIA asbl (Place Saint-Jean, n\u00b0 1-2, \u00e0 1000 Bruxelles. N\u00b0 Entreprise 0418 827 588) a pour objet social de mener des actions et militer pour les droits des femmes : \u00e9mancipation, \u00e9galit\u00e9 des sexes, \u00e9volution des mentalit\u00e9s, nouveaux rapports sociaux, parit\u00e9s, \u2026  [&#8230;]<\/p>\n","protected":false},"author":1,"featured_media":0,"parent":0,"menu_order":0,"comment_status":"closed","ping_status":"closed","template":"","meta":{"footnotes":""},"class_list":["post-5756","page","type-page","status-publish","hentry"],"_links":{"self":[{"href":"https:\/\/www.soralia.be\/accueil\/wp-json\/wp\/v2\/pages\/5756","targetHints":{"allow":["GET"]}}],"collection":[{"href":"https:\/\/www.soralia.be\/accueil\/wp-json\/wp\/v2\/pages"}],"about":[{"href":"https:\/\/www.soralia.be\/accueil\/wp-json\/wp\/v2\/types\/page"}],"author":[{"embeddable":true,"href":"https:\/\/www.soralia.be\/accueil\/wp-json\/wp\/v2\/users\/1"}],"replies":[{"embeddable":true,"href":"https:\/\/www.soralia.be\/accueil\/wp-json\/wp\/v2\/comments?post=5756"}],"version-history":[{"count":8,"href":"https:\/\/www.soralia.be\/accueil\/wp-json\/wp\/v2\/pages\/5756\/revisions"}],"predecessor-version":[{"id":18006,"href":"https:\/\/www.soralia.be\/accueil\/wp-json\/wp\/v2\/pages\/5756\/revisions\/18006"}],"wp:attachment":[{"href":"https:\/\/www.soralia.be\/accueil\/wp-json\/wp\/v2\/media?parent=5756"}],"curies":[{"name":"wp","href":"https:\/\/api.w.org\/{rel}","templated":true}]}}