{"id":8187,"date":"2019-04-12T09:38:03","date_gmt":"2019-04-12T07:38:03","guid":{"rendered":"http:\/\/www.soralia.be\/?page_id=8187"},"modified":"2023-06-22T15:52:31","modified_gmt":"2023-06-22T13:52:31","slug":"et-si-on-changeait-les-regles-campagne-2018","status":"publish","type":"page","link":"https:\/\/www.soralia.be\/accueil\/archives\/et-si-on-changeait-les-regles-campagne-2018\/","title":{"rendered":"Et si on changeait les r\u00e8gles ? &#8211; Campagne 2018"},"content":{"rendered":"<div class=\"fusion-fullwidth fullwidth-box fusion-builder-row-1 fusion-flex-container nonhundred-percent-fullwidth non-hundred-percent-height-scrolling\" style=\"--awb-border-radius-top-left:0px;--awb-border-radius-top-right:0px;--awb-border-radius-bottom-right:0px;--awb-border-radius-bottom-left:0px;--awb-flex-wrap:wrap;\" ><div class=\"fusion-builder-row fusion-row fusion-flex-align-items-flex-start fusion-flex-content-wrap\" style=\"max-width:1248px;margin-left: calc(-4% \/ 2 );margin-right: calc(-4% \/ 2 );\"><div class=\"fusion-layout-column fusion_builder_column fusion-builder-column-0 fusion_builder_column_1_1 1_1 fusion-flex-column\" style=\"--awb-bg-size:cover;--awb-width-large:100%;--awb-margin-top-large:0px;--awb-spacing-right-large:1.92%;--awb-margin-bottom-large:0px;--awb-spacing-left-large:1.92%;--awb-width-medium:100%;--awb-spacing-right-medium:1.92%;--awb-spacing-left-medium:1.92%;--awb-width-small:100%;--awb-spacing-right-small:1.92%;--awb-spacing-left-small:1.92%;\"><div class=\"fusion-column-wrapper fusion-flex-justify-content-flex-start fusion-content-layout-column\"><div class=\"fusion-text fusion-text-1\"><div class=\"fusion-text\">\n<h1>\u00c9lections communales et provinciales 2018<br \/>\nEt si on changeait les r\u00e8gles ?<\/h1>\n<p><img decoding=\"async\" class=\"wp-image-4956 alignnone\" src=\"http:\/\/www.soralia.be\/wp-content\/uploads\/2017\/01\/flyercampagne-1.jpg\" alt=\"\" width=\"261\" height=\"339\" \/><\/p>\n<p style=\"text-align: justify;\">En octobre 2018, nous votons pour les \u00e9lections communales et provinciales. Pour la premi\u00e8re fois, le principe de la tirette sera obligatoire. Cette mesure comme d\u2019autres avant elle, permet d\u2019inscrire dans la loi la volont\u00e9 de tendre vers une \u00e9galit\u00e9 entre femmes et hommes en politique. Malheureusement, \u00e0 c\u00f4t\u00e9 de cette \u00e9galit\u00e9 de droit, l\u2019\u00e9galit\u00e9 de fait est loin d\u2019\u00eatre atteinte\u2026<\/p>\n<p style=\"text-align: justify;\">Pour cette campagne d&rsquo;information et de sensibilisation, nous avons d\u00e9cid\u00e9 de faire \u00e9voluer les r\u00e8gles implicites qui r\u00e9gissent le jeu politique en faisant obstacle \u00e0 la participation des femmes\u2026<\/p>\n<\/div>\n<div class=\"fusion-text\">\n<h2><strong>Les outils de la campagne :<\/strong><\/h2>\n<ul>\n<li><a href=\"http:\/\/www.soralia.be\/2017\/12\/29\/formations-politiques-pour-sengager\/\"><strong>Des formations et des animations politiques dans l\u2019ensemble de nos r\u00e9gionales<\/strong><\/a><\/li>\n<li><strong><a href=\"http:\/\/www.soralia.be\/wp-content\/uploads\/2017\/01\/flyercampagne.pdf\">Nos propositions de nouvelles r\u00e8gles \u2013\u00a0Flyer<\/a><\/strong><\/li>\n<li><strong><a href=\"http:\/\/www.soralia.be\/wp-content\/uploads\/2018\/03\/campagne2018-DP.pdf\">Dossier de Presse<\/a><\/strong><\/li>\n<li><strong><a href=\"http:\/\/www.soralia.be\/2018\/03\/22\/memorandum-2018-elections-communales-provinciales\/\">M\u00e9morandum des FPS et de leur F\u00e9d\u00e9ration des Centres de planning familial<\/a><\/strong><\/li>\n<li><strong><a href=\"http:\/\/www.soralia.be\/wp-content\/uploads\/2018\/03\/BD-parite-2018.pdf\">Bande-dessin\u00e9e \u00ab\u00a0La parit\u00e9 en politique\u00a0\u00bb<\/a><\/strong><\/li>\n<li><strong>Nos analyses sur les sujet :<\/strong><br \/>\n\u2013 \u00ab\u00a0<a href=\"http:\/\/www.soralia.be\/2017\/11\/23\/analyse-2017-a-vos-postes-citoyennes-pas-de-democratie-sans-parite\/\">A vos postes, citoyennes! Pas de d\u00e9mocratie sans parit\u00e9\u00a0\u00bb\u00a0<\/a><br \/>\n\u2013 \u00ab\u00a0<a href=\"http:\/\/www.soralia.be\/2017\/11\/16\/analyse-2017-a-vos-postes-citoyennes-comment-voter-dans-ma-commune\/\">A vos postes, citoyennes ! Comment voter dans ma commune ?<\/a>\u00a0\u00bb<br \/>\n\u2013\u00a0<a href=\"http:\/\/www.soralia.be\/2018\/03\/22\/analyse-2018-peut-on-desobeir-de-tout\/\">\u00ab\u00a0Peut-on d\u00e9sob\u00e9ir de tout ?\u00a0\u00bb<\/a><br \/>\n\u2013\u00a0<a href=\"http:\/\/www.soralia.be\/wp-content\/uploads\/2018\/07\/Analyse2018-femmes-medias-et-politique.pdf\">\u00ab\u00a0Femmes politiques et m\u00e9dias\u00a0\u00bb<\/a><\/li>\n<\/ul>\n<ul>\n<li><strong>Nos capsules vid\u00e9os :\u00a0<\/strong><\/li>\n<\/ul>\n<\/div>\n<div class=\"fusion-video fusion-vimeo\">\n<div class=\"video-shortcode\">\n<div class=\"fluid-width-video-wrapper\"><\/div>\n<\/div>\n<\/div>\n<\/div><div class=\"fusion-video fusion-vimeo\" style=\"--awb-max-width:600px;--awb-max-height:360px;\"><div class=\"video-shortcode\"><div class=\"fluid-width-video-wrapper\" style=\"padding-top:60%;\" ><iframe title=\"Vimeo video player 1\" src=\"https:\/\/player.vimeo.com\/video\/261819720?autoplay=0&amp;autopause=0\" width=\"600\" height=\"360\" allowfullscreen allow=\"autoplay; fullscreen\"><\/iframe><\/div><\/div><\/div><div class=\"fusion-video fusion-vimeo\" style=\"--awb-max-width:600px;--awb-max-height:360px;\"><div class=\"video-shortcode\"><div class=\"fluid-width-video-wrapper\" style=\"padding-top:60%;\" ><iframe title=\"Vimeo video player 2\" src=\"https:\/\/player.vimeo.com\/video\/266848009?autoplay=0&amp;autopause=0\" width=\"600\" height=\"360\" allowfullscreen allow=\"autoplay; fullscreen\"><\/iframe><\/div><\/div><\/div><div class=\"fusion-video fusion-vimeo\" style=\"--awb-max-width:600px;--awb-max-height:360px;\"><div class=\"video-shortcode\"><div class=\"fluid-width-video-wrapper\" style=\"padding-top:60%;\" ><iframe title=\"Vimeo video player 3\" src=\"https:\/\/player.vimeo.com\/video\/272912220?autoplay=0&amp;autopause=0\" width=\"600\" height=\"360\" allowfullscreen allow=\"autoplay; fullscreen\"><\/iframe><\/div><\/div><\/div><div class=\"fusion-video fusion-vimeo\" style=\"--awb-max-width:600px;--awb-max-height:360px;\"><div class=\"video-shortcode\"><div class=\"fluid-width-video-wrapper\" style=\"padding-top:60%;\" ><iframe title=\"Vimeo video player 4\" src=\"https:\/\/player.vimeo.com\/video\/277617790?autoplay=0&amp;autopause=0\" width=\"600\" height=\"360\" allowfullscreen allow=\"autoplay; fullscreen\"><\/iframe><\/div><\/div><\/div><div class=\"fusion-video fusion-vimeo\" style=\"--awb-max-width:600px;--awb-max-height:360px;\"><div class=\"video-shortcode\"><div class=\"fluid-width-video-wrapper\" style=\"padding-top:60%;\" ><iframe title=\"Vimeo video player 5\" src=\"https:\/\/player.vimeo.com\/video\/287211054?autoplay=0&amp;autopause=0\" width=\"600\" height=\"360\" allowfullscreen allow=\"autoplay; fullscreen\"><\/iframe><\/div><\/div><\/div><div class=\"fusion-video fusion-vimeo\" style=\"--awb-max-width:600px;--awb-max-height:360px;\"><div class=\"video-shortcode\"><div class=\"fluid-width-video-wrapper\" style=\"padding-top:60%;\" ><iframe title=\"Vimeo video player 6\" src=\"https:\/\/player.vimeo.com\/video\/292884088?autoplay=0&amp;autopause=0\" width=\"600\" height=\"360\" allowfullscreen allow=\"autoplay; fullscreen\"><\/iframe><\/div><\/div><\/div><\/div><\/div><\/div><\/div>\n","protected":false},"excerpt":{"rendered":"","protected":false},"author":4,"featured_media":0,"parent":10472,"menu_order":4,"comment_status":"closed","ping_status":"closed","template":"","meta":{"footnotes":""},"class_list":["post-8187","page","type-page","status-publish","hentry"],"_links":{"self":[{"href":"https:\/\/www.soralia.be\/accueil\/wp-json\/wp\/v2\/pages\/8187","targetHints":{"allow":["GET"]}}],"collection":[{"href":"https:\/\/www.soralia.be\/accueil\/wp-json\/wp\/v2\/pages"}],"about":[{"href":"https:\/\/www.soralia.be\/accueil\/wp-json\/wp\/v2\/types\/page"}],"author":[{"embeddable":true,"href":"https:\/\/www.soralia.be\/accueil\/wp-json\/wp\/v2\/users\/4"}],"replies":[{"embeddable":true,"href":"https:\/\/www.soralia.be\/accueil\/wp-json\/wp\/v2\/comments?post=8187"}],"version-history":[{"count":7,"href":"https:\/\/www.soralia.be\/accueil\/wp-json\/wp\/v2\/pages\/8187\/revisions"}],"predecessor-version":[{"id":15991,"href":"https:\/\/www.soralia.be\/accueil\/wp-json\/wp\/v2\/pages\/8187\/revisions\/15991"}],"up":[{"embeddable":true,"href":"https:\/\/www.soralia.be\/accueil\/wp-json\/wp\/v2\/pages\/10472"}],"wp:attachment":[{"href":"https:\/\/www.soralia.be\/accueil\/wp-json\/wp\/v2\/media?parent=8187"}],"curies":[{"name":"wp","href":"https:\/\/api.w.org\/{rel}","templated":true}]}}