{"id":20831,"date":"2025-01-08T10:47:59","date_gmt":"2025-01-08T09:47:59","guid":{"rendered":"https:\/\/www.soralia.be\/accueil\/?post_type=product&#038;p=20831"},"modified":"2025-09-23T22:08:09","modified_gmt":"2025-09-23T20:08:09","slug":"etude2019-du-chomage-au-cpas","status":"publish","type":"product","link":"https:\/\/www.soralia.be\/accueil\/produit\/etude2019-du-chomage-au-cpas\/","title":{"rendered":"Etude 2019 \u2013 Du ch\u00f4mage au CPAS : r\u00e9cits de femmes"},"content":{"rendered":"<h3 class=\"wapf-field-label wapf--above\"><label>Conditions d&rsquo;envoi<\/label><\/h3>\n<div class=\"wapf-field-description\">\n<p><strong>Tous nos outils sont gratuits, seuls les frais d\u2019envoi vous seront factur\u00e9s.<\/strong> <strong>Selon la quantit\u00e9 d\u2019outils que vous commandez, les frais varieront. <\/strong>Les envois prennent g\u00e9n\u00e9ralement quelques jours \u00e0 \u00eatre effectu\u00e9s, pas de panique !<br \/>\n<b>Attention ! Nous n\u2019effectuons pas d\u2019envoi hors Belgique.\u00a0<\/b><\/p>\n<p>Nous pouvons \u00e9galement effectuer une remise en mains propres \u00e0 nos bureaux, dans le centre-ville de Bruxelles. Pour ce faire, vous pouvez nous contacter au 02 515 04 01 ou via <a href=\"mailto:soralia@solidaris.be\">soralia@solidaris.be<\/a>.<\/p>\n<\/div>\n","protected":false},"excerpt":{"rendered":"<p>Conditions d&rsquo;envoi Tous nos outils sont gratuits, seuls les frais d\u2019envoi vous seront factur\u00e9s. Selon la quantit\u00e9 d\u2019outils que vous commandez, les frais varieront. Les envois prennent g\u00e9n\u00e9ralement quelques jours \u00e0 \u00eatre effectu\u00e9s, pas de panique ! Attention ! Nous n\u2019effectuons pas d\u2019envoi hors Belgique.\u00a0 Nous pouvons \u00e9galement effectuer une  [&#8230;]<\/p>\n","protected":false},"featured_media":20832,"template":"","meta":[],"product_brand":[],"product_cat":[704,697],"product_tag":[710],"class_list":{"0":"post-20831","1":"product","2":"type-product","3":"status-publish","4":"has-post-thumbnail","6":"product_cat-citoyennete","7":"product_cat-publications","8":"product_tag-citoyennete","10":"first","11":"instock","12":"shipping-taxable","13":"purchasable","14":"product-type-simple"},"_links":{"self":[{"href":"https:\/\/www.soralia.be\/accueil\/wp-json\/wp\/v2\/product\/20831","targetHints":{"allow":["GET"]}}],"collection":[{"href":"https:\/\/www.soralia.be\/accueil\/wp-json\/wp\/v2\/product"}],"about":[{"href":"https:\/\/www.soralia.be\/accueil\/wp-json\/wp\/v2\/types\/product"}],"wp:featuredmedia":[{"embeddable":true,"href":"https:\/\/www.soralia.be\/accueil\/wp-json\/wp\/v2\/media\/20832"}],"wp:attachment":[{"href":"https:\/\/www.soralia.be\/accueil\/wp-json\/wp\/v2\/media?parent=20831"}],"wp:term":[{"taxonomy":"product_brand","embeddable":true,"href":"https:\/\/www.soralia.be\/accueil\/wp-json\/wp\/v2\/product_brand?post=20831"},{"taxonomy":"product_cat","embeddable":true,"href":"https:\/\/www.soralia.be\/accueil\/wp-json\/wp\/v2\/product_cat?post=20831"},{"taxonomy":"product_tag","embeddable":true,"href":"https:\/\/www.soralia.be\/accueil\/wp-json\/wp\/v2\/product_tag?post=20831"}],"curies":[{"name":"wp","href":"https:\/\/api.w.org\/{rel}","templated":true}]}}